{"id":30026,"date":"2023-06-06T22:32:17","date_gmt":"2023-06-06T20:32:17","guid":{"rendered":"https:\/\/energyupbiotic.com\/product\/energy-up-biotics\/"},"modified":"2026-03-01T00:46:40","modified_gmt":"2026-02-28T23:46:40","slug":"energy-up-biotics","status":"publish","type":"product","link":"https:\/\/energyupbiotic.com\/it\/prodotto\/energy-up-biotics\/","title":{"rendered":"Probiotici e Ginseng Rosso Coreano | Integratore Biotico Energy Up (150 bustine)"},"content":{"rendered":"<p>[et_pb_section fb_built=&#8221;1&#8243; _builder_version=&#8221;4.16&#8243; custom_padding=&#8221;0px||||false|false&#8221; global_colors_info=&#8221;{}&#8221;][et_pb_row _builder_version=&#8221;4.16&#8243; background_size=&#8221;initial&#8221; background_position=&#8221;top_left&#8221; background_repeat=&#8221;repeat&#8221; width=&#8221;100%&#8221; custom_padding=&#8221;0px||0px||false|false&#8221; global_colors_info=&#8221;{}&#8221;][et_pb_column type=&#8221;4_4&#8243; _builder_version=&#8221;4.16&#8243; custom_padding=&#8221;|||&#8221; global_colors_info=&#8221;{}&#8221; custom_padding__hover=&#8221;|||&#8221;][et_pb_wc_breadcrumb _builder_version=&#8221;4.16&#8243; custom_margin=&#8221;-3px||33px|||&#8221; global_colors_info=&#8221;{}&#8221;][\/et_pb_wc_breadcrumb]<br \/>\n          [et_pb_wc_cart_notice _builder_version=&#8221;4.27.5&#8243; background_color=&#8221;gcid-2571f71c-785e-4ce1-9885-d2568d494006&#8243; custom_button=&#8221;on&#8221; button_text_size=&#8221;18px&#8221; button_text_color=&#8221;gcid-880523c7-8aec-4239-8a3e-b3a38e89d107&#8243; button_bg_color=&#8221;gcid-dfc24a8f-e52e-4d12-ad90-209299fcda36&#8243; global_colors_info=&#8221;{%22gcid-2571f71c-785e-4ce1-9885-d2568d494006%22:%91%22background_color%22%93,%22gcid-880523c7-8aec-4239-8a3e-b3a38e89d107%22:%91%22button_text_color%22%93,%22gcid-dfc24a8f-e52e-4d12-ad90-209299fcda36%22:%91%22button_bg_color%22%93}&#8221;][\/et_pb_wc_cart_notice][\/et_pb_column][\/et_pb_row][et_pb_row column_structure=&#8221;1_2,1_2&#8243; _builder_version=&#8221;4.16&#8243; background_size=&#8221;initial&#8221; background_position=&#8221;top_left&#8221; background_repeat=&#8221;repeat&#8221; width=&#8221;100%&#8221; custom_padding=&#8221;0px||||false|false&#8221; global_colors_info=&#8221;{}&#8221;][et_pb_column type=&#8221;1_2&#8243; _builder_version=&#8221;4.16&#8243; custom_padding=&#8221;|||&#8221; global_colors_info=&#8221;{}&#8221; custom_padding__hover=&#8221;|||&#8221;][et_pb_wc_images sale_badge_color=&#8221;gcid-880523c7-8aec-4239-8a3e-b3a38e89d107&#8243; admin_label=&#8221;Woo Product Images&#8221; _builder_version=&#8221;4.27.5&#8243; global_colors_info=&#8221;{%22gcid-880523c7-8aec-4239-8a3e-b3a38e89d107%22:%91%22sale_badge_color%22%93}&#8221;][\/et_pb_wc_images][\/et_pb_column][et_pb_column type=&#8221;1_2&#8243; _builder_version=&#8221;4.16&#8243; custom_padding=&#8221;|||&#8221; global_colors_info=&#8221;{}&#8221; custom_padding__hover=&#8221;|||&#8221;][et_pb_wc_title admin_label=&#8221;Woo Product Title&#8221; _builder_version=&#8221;4.27.5&#8243; header_line_height=&#8221;1.5em&#8221; global_colors_info=&#8221;{}&#8221;][\/et_pb_wc_title]<br \/>\n          [et_pb_wc_rating _builder_version=&#8221;4.27.5&#8243; rating_text_color=&#8221;#f7d600&#8243; global_colors_info=&#8221;{}&#8221;][\/et_pb_wc_rating]<br \/>\n          [et_pb_wc_price _builder_version=&#8221;4.27.5&#8243; before_sale_price_text_color=&#8221;gcid-2571f71c-785e-4ce1-9885-d2568d494006&#8243; sale_price_font=&#8221;|600|||||||&#8221; sale_price_text_color=&#8221;gcid-880523c7-8aec-4239-8a3e-b3a38e89d107&#8243; sale_price_line_height=&#8221;1em&#8221; global_colors_info=&#8221;{%22gcid-2571f71c-785e-4ce1-9885-d2568d494006%22:%91%22before_sale_price_text_color%22%93,%22gcid-880523c7-8aec-4239-8a3e-b3a38e89d107%22:%91%22sale_price_text_color%22%93}&#8221;][\/et_pb_wc_price]<br \/>\n          [et_pb_wc_description _builder_version=&#8221;4.16&#8243; global_colors_info=&#8221;{}&#8221;][\/et_pb_wc_description]<br \/>\n          [et_pb_wc_add_to_cart _builder_version=&#8221;4.27.5&#8243; custom_button=&#8221;on&#8221; button_text_color=&#8221;gcid-2571f71c-785e-4ce1-9885-d2568d494006&#8243; button_bg_color=&#8221;gcid-343a01d3-be7d-420b-a209-f9b3ce164c4a&#8221; global_colors_info=&#8221;{%22gcid-2571f71c-785e-4ce1-9885-d2568d494006%22:%91%22button_text_color%22,%22button_text_color__hover%22%93,%22gcid-343a01d3-be7d-420b-a209-f9b3ce164c4a%22:%91%22button_bg_color%22,%22button_bg_color__hover%22%93}&#8221; button_bg_color__hover_enabled=&#8221;on|hover&#8221; button_bg_color__hover=&#8221;#ffffff&#8221; button_bg_enable_color__hover=&#8221;on&#8221; button_text_color__hover_enabled=&#8221;on|hover&#8221; button_text_color__hover=&#8221;#1571b5&#8243;][\/et_pb_wc_add_to_cart]<br \/>\n          [et_pb_wc_meta _builder_version=&#8221;4.27.5&#8243; body_text_color=&#8221;gcid-2571f71c-785e-4ce1-9885-d2568d494006&#8243; global_colors_info=&#8221;{%22gcid-2571f71c-785e-4ce1-9885-d2568d494006%22:%91%22body_text_color%22%93}&#8221;][\/et_pb_wc_meta][\/et_pb_column][\/et_pb_row][et_pb_row _builder_version=&#8221;4.16&#8243; background_size=&#8221;initial&#8221; background_position=&#8221;top_left&#8221; background_repeat=&#8221;repeat&#8221; width=&#8221;100%&#8221; global_colors_info=&#8221;{}&#8221;][et_pb_column type=&#8221;4_4&#8243; _builder_version=&#8221;4.16&#8243; custom_padding=&#8221;|||&#8221; global_colors_info=&#8221;{}&#8221; custom_padding__hover=&#8221;|||&#8221;][et_pb_wc_tabs active_tab_background_color=&#8221;#FFFFFF&#8221; inactive_tab_background_color=&#8221;gcid-4b9eed5c-3d04-4887-bc15-8a2e9c2e3ea1&#8243; active_tab_text_color=&#8221;gcid-880523c7-8aec-4239-8a3e-b3a38e89d107&#8243; _builder_version=&#8221;4.27.5&#8243; tab_text_color=&#8221;gcid-2571f71c-785e-4ce1-9885-d2568d494006&#8243; body_font_size=&#8221;16px&#8221; body_letter_spacing=&#8221;1px&#8221; body_line_height=&#8221;1.5em&#8221; tab_font_size=&#8221;16px&#8221; tab_letter_spacing=&#8221;1px&#8221; global_colors_info=&#8221;{%22gcid-4b9eed5c-3d04-4887-bc15-8a2e9c2e3ea1%22:%91%22inactive_tab_background_color%22%93,%22gcid-2571f71c-785e-4ce1-9885-d2568d494006%22:%91%22tab_text_color%22%93,%22gcid-880523c7-8aec-4239-8a3e-b3a38e89d107%22:%91%22active_tab_text_color%22%93}&#8221;]\t\t\t\t\t[\/et_pb_wc_tabs]<br \/>\n          [et_pb_wc_upsells _builder_version=&#8221;4.16&#8243; global_colors_info=&#8221;{}&#8221;][\/et_pb_wc_upsells]<br \/>\n          [et_pb_wc_related_products _builder_version=&#8221;4.16&#8243; global_colors_info=&#8221;{}&#8221;][\/et_pb_wc_related_products][\/et_pb_column][\/et_pb_row][\/et_pb_section]<\/p>\n","protected":false},"excerpt":{"rendered":"<p style=\"font-weight: 400;\">Sostieni la tua vitalit\u00e0 quotidiana con <strong>Energy Up Biotics<\/strong> &#8211; una miscela intelligente di <em><strong>probiotici e Ginseng Rosso Coreano fermentato<\/strong><\/em>. Progettato per mantenere l&#8217;armonia digestiva, aiutare a bilanciare il tuo microbioma e nutrire il tuo corpo in modo naturale. Supportato da ricerche scientifiche. Senza additivi artificiali. Perfetto per gli stili di vita moderni e impegnati.    <\/p>\n","protected":false},"featured_media":53289,"comment_status":"open","ping_status":"closed","template":"","meta":{"_et_pb_use_builder":"on","_et_pb_old_content":"<h2>Supporto quotidiano all'intestino con probiotici e ginseng coreano rosso fermentato<\/h2>\nEnergy Up Biotics \u00e8 una potente miscela di <strong>probiotici e Ginseng Rosso Coreano fermentato<\/strong>, studiata per aiutarti a prendere il controllo del tuo benessere, della tua energia e della tua digestione, ogni singolo giorno. Sostenuto dalla scienza e realizzato per la vita reale, questo integratore di qualit\u00e0 superiore supporta il microbioma intestinale, la risposta immunitaria e la vitalit\u00e0. \n<h3>Perch\u00e9 la salute dell'intestino \u00e8 importante<\/h3>\nUn intestino sano \u00e8 alla base del tuo benessere generale. Influisce non solo sulla digestione, ma anche sui livelli di energia, sull'umore, sulla lucidit\u00e0 mentale e sulla funzione immunitaria. Quando il tuo intestino \u00e8 equilibrato, tutto il tuo corpo funziona meglio.  \n\nI probiotici sono batteri benefici che aiutano a sostenere un microbioma intestinale fiorente. Aiutano a scomporre il cibo, ad assorbire i nutrienti e a combattere i microbi dannosi. Ma non tutti i probiotici sono uguali. Ecco perch\u00e9 abbiamo combinato ceppi probiotici accuratamente selezionati con il ginseng rosso coreano fermentato, un potente adattogeno usato da secoli per sostenere la resistenza, la forza e la concentrazione.   \n<h3>Il potere della fermentazione<\/h3>\nLa fermentazione aumenta la biodisponibilit\u00e0, ovvero il tuo corpo pu\u00f2 assorbire i composti attivi in modo pi\u00f9 efficiente. Il nostro Ginseng Rosso Coreano \u00e8 fermentato per migliorare le sue naturali propriet\u00e0 adattogene e per favorire la diversit\u00e0 della flora intestinale e la regolazione immunitaria. \n<h3>I principali benefici di Energy Up Biotics:<\/h3>\n\u2714\ufe0f Promuove un microbioma intestinale equilibrato e diversificato\n\u2714\ufe0f Supporta la salute dell'apparato digerente e l'assorbimento delle sostanze nutritive.\n\u2714\ufe0f Aumenta l'energia naturale e riduce la stanchezza\n\u2714\ufe0f Rafforza la risposta immunitaria\n\u2714\ufe0f Migliora la chiarezza mentale e l'equilibrio emotivo\n\u2714\ufe0f Favorisce il benessere del corpo e della mente a lungo termine\n<h3>Cosa c'\u00e8 dentro?<\/h3>\nOgni scatola contiene 5 confezioni richiudibili con 30 bustine per confezione (150 dosi totali). Ogni bustina contiene una polvere gustosa e facile da usare che si scioglie in acqua - senza pillole o capsule. \n<h3>Come si usa<\/h3>\nAssumi 1-2 bustine al giorno, preferibilmente durante i pasti o al mattino. Si inserisce perfettamente nella tua routine di benessere, sia che tu stia iniziando la giornata, sia che tu abbia bisogno di un aiuto a met\u00e0 giornata. \n<h3>A chi \u00e8 rivolto?<\/h3>\nEnergy Up Biotics \u00e8 ideale per:\n\u2714\ufe0f Professionisti impegnati che vogliono migliorare la digestione e ridurre lo stress\n\u2714\ufe0f Genitori che cercano un supporto immunitario e pi\u00f9 energia\n\u2714\ufe0f Persone attente alla salute dell'intestino\n\u2714\ufe0f Chi cerca il benessere e vuole ottenere risultati reali senza ingredienti artificiali\n<h3>Pulito, sicuro e supportato dalla scienza<\/h3>\nLa nostra formula \u00e8 priva di additivi artificiali, conservanti o riempitivi. Ogni ingrediente \u00e8 stato selezionato sulla base di ricerche scientifiche per offrire benefici reali. Gli studi hanno dimostrato i benefici dei probiotici sulla digestione e sull'immunit\u00e0<a href=\"https:\/\/www.ncbi.nlm.nih.gov\/pmc\/articles\/PMC4045285\/\">(fonte<\/a>).  \n<h3>Feedback dei clienti<\/h3>\nMolti clienti riferiscono di essersi sentiti pi\u00f9 equilibrati, energizzati e meno gonfi entro le prime 2-3 settimane. Con un uso costante per 2-3 mesi, i benefici possono aumentare, soprattutto in aree come la concentrazione, l'immunit\u00e0 e la digestione. \n<h3>Perch\u00e9 scegliere Energy Up Biotics?<\/h3>\nPerch\u00e9 il tuo corpo merita un supporto che sia tale:\n\u2714\ufe0f Basato sulla scienza\n\u2714\ufe0f Naturalmente efficace\n\u2714\ufe0f Facile da integrare nella tua vita quotidiana\n\u2714\ufe0f Con il supporto di un'esperienza reale degli utenti\n---\n\nInvesti nel tuo intestino. Eleva la tua energia. Affidati alla natura e alla scienza combinate - con <strong>Energy Up Biotics: Miscela di probiotici e ginseng rosso coreano fermentato.<\/strong>  \n\n","_et_gb_content_width":""},"product_brand":[186],"product_cat":[131,140,217,84],"product_tag":[219,222,133,89,229,232,221,224,88,227,236,235,226,220,86,90,85,132,218,230,233,228,87,231,223,234,225],"class_list":{"0":"post-30026","1":"product","2":"type-product","3":"status-publish","4":"has-post-thumbnail","6":"product_brand-energy-up-biotics","7":"product_cat-ginseng-coreano-rosso","8":"product_cat-longevita","9":"product_cat-microbioma","10":"product_cat-probiotici","11":"product_tag-alimenti-naturali","12":"product_tag-anti-fatica","13":"product_tag-anti-invecchiamento","14":"product_tag-assorbimento-dei-nutrienti","15":"product_tag-attivita-cerebrale","16":"product_tag-attivita-fisica","17":"product_tag-aumentare-lenergia","18":"product_tag-benessere","19":"product_tag-digestione","20":"product_tag-equilibrio-mentale","21":"product_tag-equilibrio-ormonale","22":"product_tag-erezione-migliorata","23":"product_tag-giovinezza","24":"product_tag-integratore-alimentare-it","25":"product_tag-integratore-alimentare","26":"product_tag-intestino-sano","27":"product_tag-livelli-di-energia","28":"product_tag-longevita","29":"product_tag-microbioma-sano","30":"product_tag-miglioramento-della-concentrazione","31":"product_tag-pensiero-positivo","32":"product_tag-prevenzione-dello-stress","33":"product_tag-probiotici","34":"product_tag-pronto-ad-agire-in-scena","35":"product_tag-senso-rivitalizzato","36":"product_tag-supporto-alla-libido","37":"product_tag-vitalita-delle-cellule","39":"first","40":"instock","41":"sale","42":"featured","43":"shipping-taxable","44":"purchasable","45":"product-type-simple"},"jetpack_sharing_enabled":true,"_links":{"self":[{"href":"https:\/\/energyupbiotic.com\/it\/wp-json\/wp\/v2\/product\/30026","targetHints":{"allow":["GET"]}}],"collection":[{"href":"https:\/\/energyupbiotic.com\/it\/wp-json\/wp\/v2\/product"}],"about":[{"href":"https:\/\/energyupbiotic.com\/it\/wp-json\/wp\/v2\/types\/product"}],"replies":[{"embeddable":true,"href":"https:\/\/energyupbiotic.com\/it\/wp-json\/wp\/v2\/comments?post=30026"}],"wp:featuredmedia":[{"embeddable":true,"href":"https:\/\/energyupbiotic.com\/it\/wp-json\/wp\/v2\/media\/53289"}],"wp:attachment":[{"href":"https:\/\/energyupbiotic.com\/it\/wp-json\/wp\/v2\/media?parent=30026"}],"wp:term":[{"taxonomy":"product_brand","embeddable":true,"href":"https:\/\/energyupbiotic.com\/it\/wp-json\/wp\/v2\/product_brand?post=30026"},{"taxonomy":"product_cat","embeddable":true,"href":"https:\/\/energyupbiotic.com\/it\/wp-json\/wp\/v2\/product_cat?post=30026"},{"taxonomy":"product_tag","embeddable":true,"href":"https:\/\/energyupbiotic.com\/it\/wp-json\/wp\/v2\/product_tag?post=30026"}],"curies":[{"name":"wp","href":"https:\/\/api.w.org\/{rel}","templated":true}]}}