{"id":52591,"date":"2025-03-14T11:14:16","date_gmt":"2025-03-14T10:14:16","guid":{"rendered":"https:\/\/energyupbiotic.com\/avantages-des-probiotiques-pour-la-sante\/"},"modified":"2025-03-27T12:46:49","modified_gmt":"2025-03-27T11:46:49","slug":"avantages-des-probiotiques-pour-la-sante","status":"publish","type":"page","link":"https:\/\/energyupbiotic.com\/fr\/avantages-des-probiotiques-pour-la-sante\/","title":{"rendered":"Avantages des probiotiques pour la sant\u00e9"},"content":{"rendered":"<p>[et_pb_section fb_built=\u00a0\u00bb1&Prime; custom_padding_last_edited=\u00a0\u00bboff|desktop\u00a0\u00bb admin_label=\u00a0\u00bbHeader\u00a0\u00bb _builder_version=\u00a0\u00bb4.27.4&Prime; _module_preset=\u00a0\u00bbdefault\u00a0\u00bb background_enable_color=\u00a0\u00bboff\u00a0\u00bb background_color_gradient_direction=\u00a0\u00bb60deg\u00a0\u00bb background_color_gradient_start=\u00a0\u00bb#efe8ff\u00a0\u00bb background_color_gradient_end=\u00a0\u00bb#bac7ff\u00a0\u00bb background_enable_image=\u00a0\u00bboff\u00a0\u00bb background_size=\u00a0\u00bbcontain\u00a0\u00bb background_position=\u00a0\u00bbbottom_left\u00a0\u00bb custom_margin_tablet=\u00a0\u00bb\u00a0\u00bb custom_margin_phone=\u00a0\u00bb||-8px||false|false\u00a0\u00bb custom_margin_last_edited=\u00a0\u00bbon|phone\u00a0\u00bb custom_padding=\u00a0\u00bb1vw||0px||false|false\u00a0\u00bb custom_padding_tablet=\u00a0\u00bb80px||||false|false\u00a0\u00bb custom_padding_phone=\u00a0\u00bb60px||||false|false\u00a0\u00bb background_last_edited=\u00a0\u00bboff|desktop\u00a0\u00bb use_background_color_gradient_tablet=\u00a0\u00bbon\u00a0\u00bb background_color_gradient_stops_tablet=\u00a0\u00bbrgba(255,255,255,0.5) 0%|rgba(255,255,255,0.5) 100%\u00a0\u00bb background_color_gradient_start_tablet=\u00a0\u00bbrgba(255,255,255,0.5)\u00a0\u00bb background_color_gradient_end_tablet=\u00a0\u00bbrgba(255,255,255,0.5)\u00a0\u00bb global_colors_info=\u00a0\u00bb{}\u00a0\u00bb][et_pb_row _builder_version=\u00a0\u00bb4.16&Prime; _module_preset=\u00a0\u00bbdefault\u00a0\u00bb locked=\u00a0\u00bboff\u00a0\u00bb global_colors_info=\u00a0\u00bb{}\u00a0\u00bb][et_pb_column type=\u00a0\u00bb4_4&Prime; _builder_version=\u00a0\u00bb4.16&Prime; _module_preset=\u00a0\u00bbdefault\u00a0\u00bb z_index=\u00a0\u00bb10&Prime; global_colors_info=\u00a0\u00bb{}\u00a0\u00bb][et_pb_text _builder_version=\u00a0\u00bb4.27.4&Prime; _module_preset=\u00a0\u00bbc2849e14-f298-4e85-93bb-b7eb6ec6b099&Prime; header_font=\u00a0\u00bbMontserrat||||||||\u00a0\u00bb header_text_color=\u00a0\u00bbgcid-33ba488a-a977-4fcb-9562-ca062f22498f\u00a0\u00bb header_font_size=\u00a0\u00bb65px\u00a0\u00bb header_line_height=\u00a0\u00bb1.35em\u00a0\u00bb custom_margin=\u00a0\u00bb||||false|false\u00a0\u00bb header_font_size_tablet=\u00a0\u00bb40px\u00a0\u00bb header_font_size_phone=\u00a0\u00bb30px\u00a0\u00bb header_font_size_last_edited=\u00a0\u00bbon|phone\u00a0\u00bb global_colors_info=\u00a0\u00bb{%22gcid-33ba488a-a977-4fcb-9562-ca062f22498f%22:%91%22header_text_color%22%93}\u00a0\u00bb]<\/p>\n<h1>Avantages des probiotiques pour la sant\u00e9<\/h1>\n<p>[\/et_pb_text][\/et_pb_column][\/et_pb_row][et_pb_row _builder_version=\u00a0\u00bb4.27.4&Prime; _module_preset=\u00a0\u00bbdefault\u00a0\u00bb global_colors_info=\u00a0\u00bb{}\u00a0\u00bb][et_pb_column type=\u00a0\u00bb4_4&Prime; _builder_version=\u00a0\u00bb4.27.4&Prime; _module_preset=\u00a0\u00bbdefault\u00a0\u00bb global_colors_info=\u00a0\u00bb{}\u00a0\u00bb][et_pb_video src=\u00a0\u00bbhttps:\/\/youtu.be\/l2a01N49jK0?si=c2kYYI8-UdaCF2UI\u00a0\u00bb _builder_version=\u00a0\u00bb4.27.4&Prime; _module_preset=\u00a0\u00bbdefault\u00a0\u00bb global_colors_info=\u00a0\u00bb{}\u00a0\u00bb][\/et_pb_video][\/et_pb_column][\/et_pb_row][\/et_pb_section][et_pb_section fb_built=\u00a0\u00bb1&Prime; admin_label=\u00a0\u00bbCall to Action\u00a0\u00bb _builder_version=\u00a0\u00bb4.21.0&Prime; _module_preset=\u00a0\u00bbdefault\u00a0\u00bb custom_padding=\u00a0\u00bb0px||30px||false|false\u00a0\u00bb global_colors_info=\u00a0\u00bb{}\u00a0\u00bb][et_pb_row _builder_version=\u00a0\u00bb4.27.4&Prime; _module_preset=\u00a0\u00bbdefault\u00a0\u00bb][et_pb_column _builder_version=\u00a0\u00bb4.27.4&Prime; _module_preset=\u00a0\u00bbdefault\u00a0\u00bb type=\u00a0\u00bb4_4&Prime;][et_pb_text _builder_version=\u00a0\u00bb4.27.4&Prime; _module_preset=\u00a0\u00bbdefault\u00a0\u00bb hover_enabled=\u00a0\u00bb0&Prime; sticky_enabled=\u00a0\u00bb0&Prime; text_font=\u00a0\u00bbMontserrat||||||||\u00a0\u00bb text_font_size=\u00a0\u00bb16px\u00a0\u00bb text_letter_spacing=\u00a0\u00bb1px\u00a0\u00bb link_font=\u00a0\u00bbMontserrat||||||||\u00a0\u00bb global_colors_info=\u00a0\u00bb{%22gcid-2571f71c-785e-4ce1-9885-d2568d494006%22:%91%22link_text_color%22%93}\u00a0\u00bb link_text_color=\u00a0\u00bbgcid-2571f71c-785e-4ce1-9885-d2568d494006&Prime;]<\/p>\n<p>Le terme <strong>\u00ab\u00a0probiotique\u00a0\u00bb<\/strong> a \u00e9t\u00e9 d\u00e9fini en 2001 par une <a href=\"http:\/\/www.fao.org\/3\/a-a0512e.pdf\" target=\"_blank\" rel=\"noopener\">consultation d&rsquo;experts de l&rsquo;Organisation des Nations unies pour l&rsquo;alimentation et l&rsquo;agriculture <strong>et de l&rsquo;Organisation mondiale de la sant\u00e9<\/strong> (FAO\/OMS)<\/a>.<\/p>\n<p>L&rsquo;ann\u00e9e suivante, la FAO et l&rsquo;OMS ont publi\u00e9 des <a href=\"https:\/\/www.who.int\/foodsafety\/fs_management\/en\/probiotic_guidelines.pdf\" target=\"_blank\" rel=\"noopener\">directives pour l&rsquo;\u00e9valuation des probiotiques dans les aliments<\/a>, r\u00e9dig\u00e9es par un groupe de travail d&rsquo;experts qui s&rsquo;est r\u00e9uni avant la r\u00e9union inaugurale de l&rsquo;ISAPP.<\/p>\n<p>En 2013, l&rsquo;ISAPP a r\u00e9uni un groupe d&rsquo;experts pour examiner le terme probiotique et la litt\u00e9rature qui l&rsquo;entoure. Le r\u00e9sultat net a \u00e9t\u00e9 <span><br \/>\n  <a href=\"https:\/\/www.nature.com\/articles\/nrgastro.2014.66\" target=\"_blank\" rel=\"noopener\">une publication reprenant la d\u00e9finition<\/a><br \/>\n<\/span> avec des modifications grammaticales mineures : \u00ab\u00a0<strong>Micro-organismes vivants qui, lorsqu&rsquo;ils sont administr\u00e9s en quantit\u00e9s ad\u00e9quates, conf\u00e8rent un avantage pour la sant\u00e9 de l&rsquo;h\u00f4te. Il s&rsquo;agit de la d\u00e9finition scientifique des probiotiques la plus largement accept\u00e9e dans le monde.<\/strong><\/p>\n<p>[\/et_pb_text][\/et_pb_column][\/et_pb_row][et_pb_row _builder_version=\u00a0\u00bb4.27.4&Prime; _module_preset=\u00a0\u00bbdefault\u00a0\u00bb global_colors_info=\u00a0\u00bb{}\u00a0\u00bb][et_pb_column type=\u00a0\u00bb4_4&Prime; _builder_version=\u00a0\u00bb4.27.4&Prime; _module_preset=\u00a0\u00bbdefault\u00a0\u00bb global_colors_info=\u00a0\u00bb{}\u00a0\u00bb][et_pb_button button_url=\u00a0\u00bb@ET-DC@eyJkeW5hbWljIjp0cnVlLCJjb250ZW50IjoicG9zdF9saW5rX3VybF9wYWdlIiwic2V0dGluZ3MiOnsicG9zdF9pZCI6IjMyMDk2In19@\u00a0\u00bb button_text=\u00a0\u00bbAcheter\u00a0\u00bb button_alignment=\u00a0\u00bbcenter\u00a0\u00bb _builder_version=\u00a0\u00bb4.27.4&Prime; _dynamic_attributes=\u00a0\u00bbbutton_url\u00a0\u00bb _module_preset=\u00a0\u00bb_initial\u00a0\u00bb custom_button=\u00a0\u00bbon\u00a0\u00bb button_text_size=\u00a0\u00bb13px\u00a0\u00bb button_text_color=\u00a0\u00bb#FFFFFF\u00a0\u00bb button_bg_color=\u00a0\u00bbgcid-2571f71c-785e-4ce1-9885-d2568d494006&Prime; button_border_width=\u00a0\u00bb6px\u00a0\u00bb button_border_color=\u00a0\u00bbgcid-fc7afca1-7302-4e55-829d-3d445387c282&Prime; button_border_radius=\u00a0\u00bb0px\u00a0\u00bb button_letter_spacing=\u00a0\u00bb0.16em\u00a0\u00bb button_font=\u00a0\u00bbInter|700||on|||||\u00a0\u00bb custom_padding=\u00a0\u00bb14px|20px|14px|20px|true|true\u00a0\u00bb box_shadow_style=\u00a0\u00bbpreset4&Prime; box_shadow_spread=\u00a0\u00bb-8px\u00a0\u00bb box_shadow_color=\u00a0\u00bbrgba(0,0,0,0.17)\u00a0\u00bb global_colors_info=\u00a0\u00bb{%22gcid-fc7afca1-7302-4e55-829d-3d445387c282%22:%91%22button_border_color%22%93,%22gcid-2571f71c-785e-4ce1-9885-d2568d494006%22:%91%22button_bg_color%22%93}\u00a0\u00bb theme_builder_area=\u00a0\u00bbpost_content\u00a0\u00bb][\/et_pb_button][et_pb_image src=\u00a0\u00bbhttps:\/\/energyupbiotic.com\/wp-content\/uploads\/2023\/04\/energybiotic.jpg\u00a0\u00bb title_text=\u00a0\u00bb\u00e9nergiebiotique\u00a0\u00bb _builder_version=\u00a0\u00bb4.27.4&Prime; _module_preset=\u00a0\u00bbdefault\u00a0\u00bb global_colors_info=\u00a0\u00bb{}\u00a0\u00bb][\/et_pb_image][\/et_pb_column][\/et_pb_row][\/et_pb_section]<\/p>\n","protected":false},"excerpt":{"rendered":"<p>Avantages des probiotiques pour la sant\u00e9Le terme \u00ab\u00a0probiotique\u00a0\u00bb a \u00e9t\u00e9 d\u00e9fini en 2001 par une consultation d&rsquo;experts de l&rsquo;Organisation des Nations unies pour l&rsquo;alimentation et l&rsquo;agriculture et de l&rsquo;Organisation mondiale de la sant\u00e9 (FAO\/OMS). L&rsquo;ann\u00e9e suivante, la FAO et l&rsquo;OMS ont publi\u00e9 des directives pour l&rsquo;\u00e9valuation des probiotiques dans les aliments, r\u00e9dig\u00e9es par un groupe [&hellip;]<\/p>\n","protected":false},"author":2,"featured_media":0,"parent":0,"menu_order":0,"comment_status":"closed","ping_status":"closed","template":"","meta":{"_et_pb_use_builder":"on","_et_pb_old_content":"","_et_gb_content_width":"","footnotes":""},"class_list":["post-52591","page","type-page","status-publish","hentry"],"jetpack_sharing_enabled":true,"_links":{"self":[{"href":"https:\/\/energyupbiotic.com\/fr\/wp-json\/wp\/v2\/pages\/52591","targetHints":{"allow":["GET"]}}],"collection":[{"href":"https:\/\/energyupbiotic.com\/fr\/wp-json\/wp\/v2\/pages"}],"about":[{"href":"https:\/\/energyupbiotic.com\/fr\/wp-json\/wp\/v2\/types\/page"}],"author":[{"embeddable":true,"href":"https:\/\/energyupbiotic.com\/fr\/wp-json\/wp\/v2\/users\/2"}],"replies":[{"embeddable":true,"href":"https:\/\/energyupbiotic.com\/fr\/wp-json\/wp\/v2\/comments?post=52591"}],"version-history":[{"count":0,"href":"https:\/\/energyupbiotic.com\/fr\/wp-json\/wp\/v2\/pages\/52591\/revisions"}],"wp:attachment":[{"href":"https:\/\/energyupbiotic.com\/fr\/wp-json\/wp\/v2\/media?parent=52591"}],"curies":[{"name":"wp","href":"https:\/\/api.w.org\/{rel}","templated":true}]}}