{"id":32134,"date":"2025-03-12T09:17:46","date_gmt":"2025-03-12T08:17:46","guid":{"rendered":"https:\/\/energyupbiotic.com\/magasin-nouveau\/"},"modified":"2026-02-10T08:42:03","modified_gmt":"2026-02-10T07:42:03","slug":"magasin-nouveau","status":"publish","type":"page","link":"https:\/\/energyupbiotic.com\/fr\/magasin-nouveau\/","title":{"rendered":"Boutique"},"content":{"rendered":"<p>[et_pb_section fb_built=\u00a0\u00bb1&Prime; _builder_version=\u00a0\u00bb4.27.4&Prime; _module_preset=\u00a0\u00bbdefault\u00a0\u00bb custom_padding=\u00a0\u00bb47px|||||\u00a0\u00bb global_colors_info=\u00a0\u00bb{}\u00a0\u00bb][et_pb_row column_structure=\u00a0\u00bb1_2,1_2&Prime; use_custom_gutter=\u00a0\u00bbon\u00a0\u00bb gutter_width=\u00a0\u00bb1&Prime; make_equal=\u00a0\u00bbon\u00a0\u00bb disabled_on=\u00a0\u00bboff|off|off\u00a0\u00bb _builder_version=\u00a0\u00bb4.27.4&Prime; _module_preset=\u00a0\u00bbdefault\u00a0\u00bb custom_padding=\u00a0\u00bb0px|||||\u00a0\u00bb hover_enabled=\u00a0\u00bb0&Prime; global_colors_info=\u00a0\u00bb{}\u00a0\u00bb sticky_enabled=\u00a0\u00bb0&Prime;][et_pb_column type=\u00a0\u00bb1_2&Prime; _builder_version=\u00a0\u00bb4.27.4&Prime; _module_preset=\u00a0\u00bbdefault\u00a0\u00bb background_color=\u00a0\u00bbgcid-2571f71c-785e-4ce1-9885-d2568d494006&Prime; custom_padding=\u00a0\u00bb110px|60px|110px|60px|true|true\u00a0\u00bb custom_padding_tablet=\u00a0\u00bb10%|10%|10%|10%|true|true\u00a0\u00bb custom_padding_phone=\u00a0\u00bb||||true|true\u00a0\u00bb custom_padding_last_edited=\u00a0\u00bbon|desktop\u00a0\u00bb global_colors_info=\u00a0\u00bb{%22gcid-2571f71c-785e-4ce1-9885-d2568d494006%22:%91%22background_color%22%93}\u00a0\u00bb][et_pb_image src=\u00a0\u00bbhttps:\/\/energyupbiotic.com\/wp-content\/uploads\/2025\/03\/5-pack-bundle-energyup.png\u00a0\u00bb title_text=\u00a0\u00bb5 packs energyup\u00a0\u00bb url=\u00a0\u00bb@ET-DC@eyJkeW5hbWljIjp0cnVlLCJjb250ZW50IjoicG9zdF9saW5rX3VybF9wcm9kdWN0Iiwic2V0dGluZ3MiOnsicG9zdF9pZCI6IjMwNzUxIn19@\u00a0\u00bb _builder_version=\u00a0\u00bb4.27.4&Prime; _dynamic_attributes=\u00a0\u00bburl\u00a0\u00bb _module_preset=\u00a0\u00bbdefault\u00a0\u00bb global_colors_info=\u00a0\u00bb{}\u00a0\u00bb][\/et_pb_image][\/et_pb_column][et_pb_column type=\u00a0\u00bb1_2&Prime; _builder_version=\u00a0\u00bb4.27.4&Prime; _module_preset=\u00a0\u00bbdefault\u00a0\u00bb background_color=\u00a0\u00bbgcid-fc7afca1-7302-4e55-829d-3d445387c282&Prime; custom_padding=\u00a0\u00bb110px|60px|110px|60px|true|true\u00a0\u00bb custom_padding_tablet=\u00a0\u00bb10%|10%|10%|10%|true|true\u00a0\u00bb custom_padding_phone=\u00a0\u00bb||||true|true\u00a0\u00bb custom_padding_last_edited=\u00a0\u00bbon|desktop\u00a0\u00bb global_colors_info=\u00a0\u00bb{%22gcid-fc7afca1-7302-4e55-829d-3d445387c282%22:%91%22background_color%22%93}\u00a0\u00bb][et_pb_text _builder_version=\u00a0\u00bb4.27.5&Prime; _module_preset=\u00a0\u00bb799b6ce2-d00d-473a-a1f4-2854465276ae\u00a0\u00bb global_colors_info=\u00a0\u00bb{}\u00a0\u00bb hover_enabled=\u00a0\u00bb0&Prime; sticky_enabled=\u00a0\u00bb0&Prime; header_3_font=\u00a0\u00bbMontserrat||||||||\u00a0\u00bb header_3_font_size=\u00a0\u00bb35px\u00a0\u00bb header_3_text_align=\u00a0\u00bbcenter\u00a0\u00bb]<\/p>\n<h3>Paquet de 5<\/h3>\n<p>[\/et_pb_text][et_pb_wc_price product=\u00a0\u00bb29252&Prime; _builder_version=\u00a0\u00bb4.27.5&Prime; _module_preset=\u00a0\u00bbdefault\u00a0\u00bb global_colors_info=\u00a0\u00bb{%22gcid-fc7afca1-7302-4e55-829d-3d445387c282%22:%91%22before_sale_price_text_color%22%93,%22gcid-2571f71c-785e-4ce1-9885-d2568d494006%22:%91%22sale_price_text_color%22%93}\u00a0\u00bb sale_price_font=\u00a0\u00bbMontserrat|700|||||||\u00a0\u00bb sale_price_text_color=\u00a0\u00bbgcid-2571f71c-785e-4ce1-9885-d2568d494006&Prime; text_orientation=\u00a0\u00bbcenter\u00a0\u00bb hover_enabled=\u00a0\u00bb0&Prime; sticky_enabled=\u00a0\u00bb0&Prime;][\/et_pb_wc_price][et_pb_text _builder_version=\u00a0\u00bb4.27.4&Prime; _module_preset=\u00a0\u00bbe3ea19f4-3c44-4250-b505-892cf37954f2&Prime; text_font=\u00a0\u00bbMontserrat||||||||\u00a0\u00bb text_letter_spacing=\u00a0\u00bb1px\u00a0\u00bb text_line_height=\u00a0\u00bb1.4em\u00a0\u00bb text_orientation=\u00a0\u00bbcenter\u00a0\u00bb custom_margin=\u00a0\u00bb||30px||false|false\u00a0\u00bb global_colors_info=\u00a0\u00bb{}\u00a0\u00bb ul_position=\u00a0\u00bbinside\u00a0\u00bb custom_padding=\u00a0\u00bb18px|||||\u00a0\u00bb]<\/p>\n<p data-start=\"53\" data-end=\"192\">B\u00e9n\u00e9ficiez d&rsquo;un regain d&rsquo;\u00e9nergie et d&rsquo;une bonne sant\u00e9 intestinale gr\u00e2ce \u00e0 notre <strong data-start=\"107\" data-end=\"124\">pack de 5<\/strong> &#8211; le choix id\u00e9al pour ceux qui s&rsquo;engagent dans une d\u00e9marche de bien-\u00eatre \u00e0 long terme !<\/p>\n<p data-start=\"403\" data-end=\"582\"><strong data-start=\"406\" data-end=\"435\"><span>\u2727 <\/span>Pa<\/strong> quet <strong data-start=\"406\" data-end=\"435\">de 5 &#8211; 150 doses<\/strong> pour un <strong data-start=\"451\" data-end=\"471\">approvisionnement<\/strong> complet <strong data-start=\"451\" data-end=\"471\">de 2 \u00e0 3 mois<\/strong>.<br data-start=\"472\" data-end=\"475\"><strong data-start=\"478\" data-end=\"491\" data-is-only-node=\"\"><span>\u2727 <\/span>\u00c9conomisez davantage<\/strong> gr\u00e2ce \u00e0 notre remise sp\u00e9ciale sur les paquets !<br data-start=\"525\" data-end=\"528\"><strong>\u2727 <\/strong>Obtenez des <strong data-start=\"539\" data-end=\"558\">r\u00e9sultats optimaux<\/strong> avec 2 doses par jour.<\/p>\n<p data-start=\"584\" data-end=\"643\" data-is-last-node=\"\" data-is-only-node=\"\">Investissez dans votre sant\u00e9 d\u00e8s aujourd&rsquo;hui et sentez la transformation !<\/p>\n<p>[\/et_pb_text][et_pb_wc_add_to_cart product=\u00a0\u00bb29252&Prime; show_stock=\u00a0\u00bboff\u00a0\u00bb _builder_version=\u00a0\u00bb4.27.4&Prime; _module_preset=\u00a0\u00bbdefault\u00a0\u00bb fields_background_color=\u00a0\u00bbgcid-dfc24a8f-e52e-4d12-ad90-209299fcda36&Prime; fields_text_color=\u00a0\u00bbgcid-2571f71c-785e-4ce1-9885-d2568d494006&Prime; fields_focus_background_color=\u00a0\u00bbgcid-343a01d3-be7d-420b-a209-f9b3ce164c4a\u00a0\u00bb fields_focus_text_color=\u00a0\u00bbgcid-2571f71c-785e-4ce1-9885-d2568d494006&Prime; field_label_font=\u00a0\u00bbMontserrat|700||on|||||\u00a0\u00bb field_label_text_color=\u00a0\u00bbgcid-2571f71c-785e-4ce1-9885-d2568d494006&Prime; field_label_font_size=\u00a0\u00bb16px\u00a0\u00bb field_label_letter_spacing=\u00a0\u00bb1px\u00a0\u00bb field_label_line_height=\u00a0\u00bb1em\u00a0\u00bb fields_font=\u00a0\u00bbMontserrat||||||||\u00a0\u00bb fields_letter_spacing=\u00a0\u00bb1px\u00a0\u00bb custom_button=\u00a0\u00bbon\u00a0\u00bb button_text_size=\u00a0\u00bb20px\u00a0\u00bb button_text_color=\u00a0\u00bb#FFFFFF\u00a0\u00bb button_bg_color=\u00a0\u00bbgcid-2571f71c-785e-4ce1-9885-d2568d494006&Prime; button_border_radius=\u00a0\u00bb0px\u00a0\u00bb button_letter_spacing=\u00a0\u00bb0px\u00a0\u00bb button_font=\u00a0\u00bbMontserrat|||on|||||\u00a0\u00bb button_custom_padding=\u00a0\u00bb10px||10px||false|false\u00a0\u00bb text_orientation=\u00a0\u00bbcenter\u00a0\u00bb global_colors_info=\u00a0\u00bb{%22gcid-2571f71c-785e-4ce1-9885-d2568d494006%22:%91%22field_label_text_color%22,%22fields_text_color%22,%22fields_focus_text_color%22,%22button_bg_color%22%93,%22gcid-dfc24a8f-e52e-4d12-ad90-209299fcda36%22:%91%22fields_background_color%22%93,%22gcid-343a01d3-be7d-420b-a209-f9b3ce164c4a%22:%91%22fields_focus_background_color%22%93}\u00a0\u00bb][\/et_pb_wc_add_to_cart][\/et_pb_column][\/et_pb_row][\/et_pb_section]<\/p>\n","protected":false},"excerpt":{"rendered":"<p>Paquet de 5B\u00e9n\u00e9ficiez d&rsquo;un regain d&rsquo;\u00e9nergie et d&rsquo;une bonne sant\u00e9 intestinale gr\u00e2ce \u00e0 notre pack de 5 &#8211; le choix id\u00e9al pour ceux qui s&rsquo;engagent dans une d\u00e9marche de bien-\u00eatre \u00e0 long terme ! \u2727 Pa quet de 5 &#8211; 150 doses pour un approvisionnement complet de 2 \u00e0 3 mois.\u2727 \u00c9conomisez davantage gr\u00e2ce \u00e0 [&hellip;]<\/p>\n","protected":false},"author":2,"featured_media":0,"parent":0,"menu_order":0,"comment_status":"closed","ping_status":"closed","template":"","meta":{"_et_pb_use_builder":"on","_et_pb_old_content":"","_et_gb_content_width":"","footnotes":""},"class_list":["post-32134","page","type-page","status-publish","hentry"],"jetpack_sharing_enabled":true,"_links":{"self":[{"href":"https:\/\/energyupbiotic.com\/fr\/wp-json\/wp\/v2\/pages\/32134","targetHints":{"allow":["GET"]}}],"collection":[{"href":"https:\/\/energyupbiotic.com\/fr\/wp-json\/wp\/v2\/pages"}],"about":[{"href":"https:\/\/energyupbiotic.com\/fr\/wp-json\/wp\/v2\/types\/page"}],"author":[{"embeddable":true,"href":"https:\/\/energyupbiotic.com\/fr\/wp-json\/wp\/v2\/users\/2"}],"replies":[{"embeddable":true,"href":"https:\/\/energyupbiotic.com\/fr\/wp-json\/wp\/v2\/comments?post=32134"}],"version-history":[{"count":1,"href":"https:\/\/energyupbiotic.com\/fr\/wp-json\/wp\/v2\/pages\/32134\/revisions"}],"predecessor-version":[{"id":55594,"href":"https:\/\/energyupbiotic.com\/fr\/wp-json\/wp\/v2\/pages\/32134\/revisions\/55594"}],"wp:attachment":[{"href":"https:\/\/energyupbiotic.com\/fr\/wp-json\/wp\/v2\/media?parent=32134"}],"curies":[{"name":"wp","href":"https:\/\/api.w.org\/{rel}","templated":true}]}}