{"id":29556,"date":"2023-06-28T10:12:35","date_gmt":"2023-06-28T08:12:35","guid":{"rendered":"https:\/\/energyupbiotic.com\/conditions-dutilisation\/"},"modified":"2025-04-26T12:13:11","modified_gmt":"2025-04-26T10:13:11","slug":"conditions-dutilisation","status":"publish","type":"page","link":"https:\/\/energyupbiotic.com\/fr\/conditions-dutilisation\/","title":{"rendered":"Conditions g\u00e9n\u00e9rales &#8211; Energy Up Biotics : Informations essentielles pour les clients"},"content":{"rendered":"<p>[et_pb_section fb_built=\u00a0\u00bb1&Prime; admin_label=\u00a0\u00bbsection\u00a0\u00bb _builder_version=\u00a0\u00bb4.16&Prime; custom_padding=\u00a0\u00bb3px|||||\u00a0\u00bb global_colors_info=\u00a0\u00bb{}\u00a0\u00bb][et_pb_row _builder_version=\u00a0\u00bb4.27.4&Prime; _module_preset=\u00a0\u00bbdefault\u00a0\u00bb custom_margin=\u00a0\u00bb0px||||false|false\u00a0\u00bb custom_margin_tablet=\u00a0\u00bb0px||||false|false\u00a0\u00bb custom_margin_phone=\u00a0\u00bb0px||||false|false\u00a0\u00bb custom_margin_last_edited=\u00a0\u00bbon|phone\u00a0\u00bb global_colors_info=\u00a0\u00bb{}\u00a0\u00bb][et_pb_column type=\u00a0\u00bb4_4&Prime; _builder_version=\u00a0\u00bb4.21.0&Prime; _module_preset=\u00a0\u00bbdefault\u00a0\u00bb global_colors_info=\u00a0\u00bb{}\u00a0\u00bb][et_pb_divider show_divider=\u00a0\u00bboff\u00a0\u00bb _builder_version=\u00a0\u00bb4.21.0&Prime; _module_preset=\u00a0\u00bbdefault\u00a0\u00bb global_colors_info=\u00a0\u00bb{}\u00a0\u00bb][\/et_pb_divider][\/et_pb_column][\/et_pb_row][et_pb_row admin_label=\u00a0\u00bbrang\u00e9e\u00a0\u00bb _builder_version=\u00a0\u00bb4.16&Prime; background_size=\u00a0\u00bbinitial\u00a0\u00bb background_position=\u00a0\u00bbtop_left\u00a0\u00bb background_repeat=\u00a0\u00bbrepeat\u00a0\u00bb custom_padding=\u00a0\u00bb2px|||||\u00a0\u00bb global_colors_info=\u00a0\u00bb{}\u00a0\u00bb][et_pb_column type=\u00a0\u00bb4_4&Prime; _builder_version=\u00a0\u00bb4.16&Prime; custom_padding=\u00a0\u00bb|||\u00a0\u00bb global_colors_info=\u00a0\u00bb{}\u00a0\u00bb custom_padding__hover=\u00a0\u00bb|||\u00a0\u00bb][et_pb_text admin_label=\u00a0\u00bbText\u00a0\u00bb _builder_version=\u00a0\u00bb4.27.4&Prime; background_size=\u00a0\u00bbinitial\u00a0\u00bb background_position=\u00a0\u00bbtop_left\u00a0\u00bb background_repeat=\u00a0\u00bbrepeat\u00a0\u00bb custom_margin=\u00a0\u00bb-21px|||||\u00a0\u00bb hover_enabled=\u00a0\u00bb0&Prime; global_colors_info=\u00a0\u00bb{}\u00a0\u00bb text_font=\u00a0\u00bbMontserrat||||||||\u00a0\u00bb text_letter_spacing=\u00a0\u00bb1px\u00a0\u00bb text_font_size=\u00a0\u00bb16px\u00a0\u00bb sticky_enabled=\u00a0\u00bb0&Prime;]<\/p>\n<h2>Conditions d&rsquo;utilisation<\/h2>\n<p> <strong>Dispositions g\u00e9n\u00e9rales<\/strong><\/p>\n<ol>\n<li style=\"font-weight: 400;\">Les pr\u00e9sentes r\u00e8gles d&rsquo;achat-vente (ci-apr\u00e8s d\u00e9nomm\u00e9es \u00ab\u00a0r\u00e8gles\u00a0\u00bb) sont un document juridiquement contraignant qui d\u00e9finit les droits, obligations et responsabilit\u00e9s r\u00e9ciproques de l&rsquo;acheteur (ci-apr\u00e8s d\u00e9nomm\u00e9 \u00ab\u00a0vous\u00a0\u00bb) et du vendeur (ci-apr\u00e8s d\u00e9nomm\u00e9 \u00ab\u00a0nous\u00a0\u00bb) lorsque vous achetez des marchandises sur la boutique en ligne <a href=\"http:\/\/www.energyupbiotic.com\/\" data-saferedirecturl=\"https:\/\/www.google.com\/url?q=http:\/\/www.energyupbiotic.com&amp;source=gmail&amp;ust=1742375619898000&amp;usg=AOvVaw0a3Vn4P61C2seD65Q12lhu\">www.energyupbiotic.com (<\/a>ci-apr\u00e8s d\u00e9nomm\u00e9e \u00ab\u00a0boutique en ligne\u00a0\u00bb).<\/li>\n<\/ol>\n<p style=\"font-weight: 400;\">1.1 Avant d&rsquo;effectuer vos achats dans la boutique en ligne, vous pouvez soit vous inscrire sur le site de la boutique en ligne, soit acheter des marchandises en tant qu&rsquo;affili\u00e9.<\/p>\n<p style=\"font-weight: 400;\">1.2 En achetant sur le site e-shop <a href=\"http:\/\/www.energyupbiotic.com\/\" data-saferedirecturl=\"https:\/\/www.google.com\/url?q=http:\/\/www.energyupbiotic.com&amp;source=gmail&amp;ust=1742375619898000&amp;usg=AOvVaw0a3Vn4P61C2seD65Q12lhu\">www.energyupbiotic.com<\/a>, vous acceptez les r\u00e8gles suivantes sans aucune r\u00e9serve ou limitation.<\/p>\n<p style=\"font-weight: 400;\">1.3 En vous inscrivant sur le site e-shop <a href=\"http:\/\/www.energyupbiotic.com\/\" data-saferedirecturl=\"https:\/\/www.google.com\/url?q=http:\/\/www.energyupbiotic.com&amp;source=gmail&amp;ust=1742375619898000&amp;usg=AOvVaw0a3Vn4P61C2seD65Q12lhu\">www.energyupbiotic.com<\/a> et en acceptant le pr\u00e9sent r\u00e8glement, vous reconnaissez avoir le droit d&rsquo;acheter des biens sur le site e-shop sans aucune restriction, c&rsquo;est-\u00e0-dire que vous \u00eates :<br \/>* une personne physique dot\u00e9e de la capacit\u00e9 juridique.<br \/>* une personne mineure \u00e2g\u00e9e de quatorze \u00e0 dix-huit ans et ayant le consentement de ses parents ou de ses tuteurs,<br \/>* une personne morale\/un repr\u00e9sentant de celle-ci.<\/p>\n<p style=\"font-weight: 400;\">1.4 En acceptant ces r\u00e8gles, vous acceptez \u00e9galement de recevoir \u00e0 votre adresse \u00e9lectronique les lettres contenant les informations n\u00e9cessaires \u00e0 la commande des marchandises, au paiement et \u00e0 la livraison. Vous acceptez \u00e9galement que votre adresse \u00e9lectronique soit utilis\u00e9e \u00e0 des fins de marketing direct et d&rsquo;enqu\u00eate. Si vous n&rsquo;\u00eates pas d&rsquo;accord avec l&rsquo;utilisation de votre adresse \u00e9lectronique \u00e0 des fins de marketing direct et\/ou d&rsquo;enqu\u00eate, veuillez nous en informer en envoyant un courrier \u00e9lectronique \u00e0 <a href=\"mailto:info@energyupbiotic.com\">info@energyupbiotic.com. <br \/><\/a><br \/><strong>Conclusion du contrat d&rsquo;achat-vente<\/strong><\/p>\n<ol start=\"2\">\n<li style=\"font-weight: 400;\">Le contrat entre Vous et nous est r\u00e9put\u00e9 conclu au moment o\u00f9 vous cliquez sur \u00ab\u00a0Commander\u00a0\u00bb apr\u00e8s avoir ajout\u00e9 vos produits au panier, indiqu\u00e9 l&rsquo;adresse de livraison, choisi le mode de paiement et pris connaissance de notre R\u00e8glement.<\/li>\n<\/ol>\n<p style=\"font-weight: 400;\">2.1 Chaque contrat conclu entre vous et nous est enregistr\u00e9 sur l&rsquo;e-shop.<\/p>\n<p style=\"font-weight: 400;\">Vos droits<\/p>\n<p style=\"font-weight: 400;\">3.1. Vous avez le droit d&rsquo;acheter des marchandises dans le magasin \u00e9lectronique selon la proc\u00e9dure d\u00e9finie par le pr\u00e9sent r\u00e8glement et le magasin \u00e9lectronique.<\/p>\n<p style=\"font-weight: 400;\">3.2. Vous avez le droit de renoncer au contrat d&rsquo;achat &#8211; vente de biens conclu avec l&rsquo;e-shop en nous informant de ce fait par \u00e9crit (par e-mail, en indiquant les biens \u00e0 retourner et le num\u00e9ro de commande) au plus tard dans les 7 jours ouvrables \u00e0 compter du jour de la livraison des biens.<\/p>\n<p style=\"font-weight: 400;\">3.3. Vous ne pouvez exercer votre droit de retour que si les marchandises retourn\u00e9es ne sont pas endommag\u00e9es ou si leur aspect ext\u00e9rieur n&rsquo;a pas \u00e9t\u00e9 modifi\u00e9, et si les marchandises n&rsquo;ont pas \u00e9t\u00e9 utilis\u00e9es.<\/p>\n<p style=\"font-weight: 400;\"><span>Plusieurs types de marchandises ne peuvent pas \u00eatre retourn\u00e9s. Les biens p\u00e9rissables tels que les denr\u00e9es alimentaires,   <\/span><span>compl\u00e9ments alimentaires, produits de sant\u00e9  <\/span><span>ne peuvent \u00eatre renvoy\u00e9s. Nous n&rsquo;acceptons pas non plus les produits intimes ou sanitaires. <\/span><span>.<\/span><\/p>\n<p style=\"font-weight: 400;\">3.4. Nous ne sommes pas responsables du fait que les marchandises disponibles sur l&rsquo;e-shop aient une couleur, une forme ou d&rsquo;autres caract\u00e9ristiques diff\u00e9rentes de celles des marchandises r\u00e9elles en raison des caract\u00e9ristiques de l&rsquo;\u00e9quipement que vous utilisez.<\/p>\n<p style=\"font-weight: 400;\"> <strong>Vous vous engagez \u00e0<\/strong><\/p>\n<ol start=\"4\">\n<li style=\"font-weight: 400;\">Accepter les marchandises command\u00e9es et en payer le prix convenu.<\/li>\n<\/ol>\n<p style=\"font-weight: 400;\">4.1 En cas de modification des informations contenues dans votre formulaire d&rsquo;inscription, vous devez imm\u00e9diatement les mettre \u00e0 jour. En l&rsquo;absence de mise \u00e0 jour des informations, nous ne sommes pas responsables de la bonne ex\u00e9cution de notre contrat.<\/p>\n<p style=\"font-weight: 400;\">4.2 En utilisant l&rsquo;e-shop, vous acceptez et devez respecter les r\u00e8gles.<\/p>\n<p style=\"font-weight: 400;\"><strong>Nos droits<\/strong><\/p>\n<ol start=\"5\">\n<li style=\"font-weight: 400;\">Si vous tentez de nuire \u00e0 l&rsquo;e-shop ou \u00e0 son fonctionnement stable, nous pouvons limiter ou suspendre l&rsquo;utilisation de l&rsquo;e-shop par vous ou annuler votre inscription sans avertissement pr\u00e9alable.<\/li>\n<\/ol>\n<p style=\"font-weight: 400;\">5.1 Dans des circonstances particuli\u00e8res, nous pouvons suspendre ou arr\u00eater les activit\u00e9s de la boutique en ligne sans vous en informer au pr\u00e9alable.<\/p>\n<p style=\"font-weight: 400;\">5.2 Nous pouvons modifier unilat\u00e9ralement et \u00e0 tout moment les conditions du pr\u00e9sent r\u00e8glement. Vous serez inform\u00e9 de toute modification lors de votre visite sur la boutique en ligne ; pour poursuivre vos achats, vous devrez accepter \u00e0 plusieurs reprises les conditions modifi\u00e9es. Si vous refusez d&rsquo;accepter les conditions modifi\u00e9es, nous nous r\u00e9servons le droit de ne pas accepter votre commande.<\/p>\n<p style=\"font-weight: 400;\">5.3 Nous avons le droit, \u00e0 notre discr\u00e9tion, de fixer une taille minimale du panier d&rsquo;achat, c&rsquo;est-\u00e0-dire le montant minimum de la commande pour qu&rsquo;elle soit accept\u00e9e.<\/p>\n<p style=\"font-weight: 400;\"><strong>Nous nous engageons \u00e0<\/strong><\/p>\n<ol start=\"6\">\n<li style=\"font-weight: 400;\">vous fournir toutes les conditions n\u00e9cessaires \u00e0 l&rsquo;utilisation correcte des services de la boutique en ligne.<\/li>\n<\/ol>\n<p style=\"font-weight: 400;\">6.1 Livrer les marchandises command\u00e9es \u00e0 l&rsquo;adresse indiqu\u00e9e par vous et dans le d\u00e9lai de livraison convenu.<\/p>\n<p style=\"font-weight: 400;\">6.2 Si des circonstances importantes nous emp\u00eachent de vous livrer les marchandises, nous nous engageons \u00e0 vous proposer des marchandises analogues, et si vous refusez d&rsquo;accepter des marchandises analogues, nous vous remboursons votre paiement dans un d\u00e9lai de 10 jours ouvrables.<\/p>\n<p style=\"font-weight: 400;\">6.3 Si vous exercez votre droit de retour, nous nous engageons \u00e0 vous rembourser dans un d\u00e9lai de 10 jours ouvrables \u00e0 compter de la date de r\u00e9ception des marchandises retourn\u00e9es.<\/p>\n<p style=\"font-weight: 400;\"><strong>Livraison des marchandises<\/strong><\/p>\n<ol start=\"7\">\n<li style=\"font-weight: 400;\">Les marchandises sont livr\u00e9es \u00e0 l&rsquo;adresse<br \/>en Suisse et au Liechtenstein, dans l&rsquo;UE, aux \u00c9tats-Unis, au Japon, en Australie et au Royaume-Uni. Si les marchandises doivent \u00eatre livr\u00e9es dans un territoire non sp\u00e9cifi\u00e9 dans le formulaire de commande, veuillez contacter individuellement la boutique en ligne \u00e0 l&rsquo;adresse suivante : <a href=\"mailto:info@energyupbiotic.com\">info@energyupbiotic.com<br \/><\/a><br \/> Le pr\u00e9sent r\u00e8glement ne s&rsquo;applique pas \u00e0 une telle commande. <\/li>\n<\/ol>\n<p style=\"font-weight: 400;\">7.1 Vous verrez le prix de livraison des marchandises apr\u00e8s avoir confirm\u00e9 la commande.<\/p>\n<p style=\"font-weight: 400;\">La livraison est assur\u00e9e par la Poste suisse et d&rsquo;autres fournisseurs de services de messagerie en fonction du territoire.<\/p>\n<p style=\"font-weight: 400;\">Les marchandises ne seront livr\u00e9es qu&rsquo;apr\u00e8s r\u00e9ception de votre paiement pour les marchandises et livraison \u00e0 nos syst\u00e8mes de paiement sp\u00e9cifi\u00e9s dans la confirmation de la commande et l&rsquo;accus\u00e9 de r\u00e9ception du paiement.<\/p>\n<p style=\"font-weight: 400;\"><strong>M\u00e9thodes de paiement<br \/><\/strong>Paiements par carte au moyen de syst\u00e8mes de paiement en ligne agr\u00e9\u00e9s tels que Payrexx, PayPal<\/p>\n<p style=\"font-weight: 400;\">7.2 Les conditions de livraison des marchandises sont disponibles dans la section \u00ab\u00a0Livraison des marchandises\u00a0\u00bb de l&rsquo;e-shop. Les marchandises livr\u00e9es conform\u00e9ment \u00e0 des commandes individuelles sont livr\u00e9es \u00e0 la date convenue. Vous acceptez que, dans des cas exceptionnels, la livraison des marchandises puisse \u00eatre retard\u00e9e en raison de circonstances impr\u00e9vues ind\u00e9pendantes de notre volont\u00e9. Dans ce cas, nous nous engageons \u00e0 vous contacter imm\u00e9diatement et \u00e0 convenir des modalit\u00e9s de livraison.<\/p>\n<p style=\"font-weight: 400;\">7.3 Vous acceptez de r\u00e9ceptionner les marchandises en personne. Si vous n&rsquo;\u00eates pas en mesure de r\u00e9ceptionner les marchandises en personne et que les marchandises ont \u00e9t\u00e9 livr\u00e9es \u00e0 l&rsquo;adresse que vous avez indiqu\u00e9e et conform\u00e9ment aux autres informations que vous avez fournies, vous n&rsquo;avez pas le droit de nous faire des r\u00e9clamations concernant la livraison incorrecte des marchandises. th\u00e8me.<\/p>\n<p style=\"font-weight: 400;\">7.4 Lors de la livraison des marchandises, vous devez v\u00e9rifier l&rsquo;\u00e9tat des marchandises livr\u00e9es avec nous ou notre repr\u00e9sentant autoris\u00e9 et signer le connaissement.<\/p>\n<p style=\"font-weight: 400;\">7.5 Une fois que vous avez sign\u00e9 le connaissement, nous consid\u00e9rons que les marchandises livr\u00e9es sont en ordre, que l&rsquo;envoi a \u00e9galement \u00e9t\u00e9 livr\u00e9 correctement et que vous n&rsquo;avez aucune r\u00e9clamation \u00e0 formuler concernant les marchandises contenues dans l&rsquo;envoi.<\/p>\n<p style=\"font-weight: 400;\">7.6 Si vous constatez des dommages ext\u00e9rieurs, des bosses (-s), des rayures (-es), des dommages dus \u00e0 la corrosion, etc. sur les marchandises de l&rsquo;envoi, vous devez imm\u00e9diatement l&rsquo;indiquer dans le document de remise\/r\u00e9ception de l&rsquo;envoi et \u00e9tablir une d\u00e9claration de dommages (conforme) de l&rsquo;envoi et\/ou des marchandises en notre pr\u00e9sence ou en celle de notre repr\u00e9sentant autoris\u00e9. Si vous n&rsquo;accomplissez pas ces actes, nous serons r\u00e9put\u00e9s exon\u00e9r\u00e9s de toute responsabilit\u00e9 \u00e0 votre \u00e9gard en ce qui concerne les dommages caus\u00e9s aux marchandises (lorsque ces dommages ne r\u00e9sultent pas d&rsquo;un d\u00e9faut de fabrication) et les \u00e9carts par rapport \u00e0 l&rsquo;ensemble des marchandises qui peuvent \u00eatre constat\u00e9s en inspectant l&rsquo;ext\u00e9rieur de la marchandise. <\/p>\n<p style=\"font-weight: 400;\">7.7 Dans les deux jours suivant la r\u00e9ception des marchandises, vous avez le droit de nous adresser une r\u00e9clamation concernant des anomalies que vous avez constat\u00e9es ult\u00e9rieurement et qui ont fait l&rsquo;objet d&rsquo;une d\u00e9claration. Dans ce cas, nous nous engageons \u00e0 examiner votre r\u00e9clamation dans un d\u00e9lai de 10 jours ouvrables et, si la r\u00e9clamation est raisonnable, nous vous proposons de renvoyer les marchandises ou de les remplacer par des marchandises de bonne qualit\u00e9, ou de r\u00e9duire le prix des marchandises.<\/p>\n<p style=\"font-weight: 400;\"><strong>  Retour de marchandises<\/strong><\/p>\n<ol start=\"8\">\n<li style=\"font-weight: 400;\">Les articles retourn\u00e9s ne doivent pas comporter de pi\u00e8ces manquantes. Vous \u00eates responsable du fait que l&rsquo;article retourn\u00e9 n&rsquo;a pas \u00e9t\u00e9 ouvert et utilis\u00e9, et vous \u00eates \u00e9galement responsable de l&#8217;emballage. Si une partie du produit est manquante ou \u00e9valu\u00e9e et qu&rsquo;il est v\u00e9rifi\u00e9 que le produit a \u00e9t\u00e9 utilis\u00e9 et qu&rsquo;il est mal emball\u00e9, nous ou notre repr\u00e9sentant n&rsquo;accepterons pas le produit retourn\u00e9.  <\/li>\n<\/ol>\n<p style=\"font-weight: 400;\">8.1 Les marchandises sont renvoy\u00e9es dans l&#8217;emballage dans lequel elles ont \u00e9t\u00e9 livr\u00e9es. L&#8217;emballage doit \u00eatre intact, propre, correctement pr\u00e9par\u00e9 et conditionn\u00e9. <\/p>\n<p style=\"font-weight: 400;\">8.2 Si vous annulez le contrat d&rsquo;achat de biens dans les 7 jours ouvrables suivant la date de livraison des biens, ceux-ci seront renvoy\u00e9s \u00e0 notre entrep\u00f4t dans les 7 jours suivant la notification \u00e9crite de votre r\u00e9tractation. accord de vente et d&rsquo;achat. Si vous n&rsquo;\u00eates pas satisfait de la forme, de la couleur, de la taille, du mod\u00e8le ou de l&rsquo;assemblage des marchandises, celles-ci doivent \u00eatre remplac\u00e9es ou renvoy\u00e9es dans un d\u00e9lai de 7 jours ouvrables \u00e0 compter de la date de livraison des marchandises ; le retour des marchandises se fait \u00e0 vos frais.<\/p>\n<p style=\"font-weight: 400;\">8.3 En cas de retour de marchandises de qualit\u00e9 inf\u00e9rieure, nous nous engageons \u00e0 accepter les marchandises de qualit\u00e9 inf\u00e9rieure et \u00e0 les remplacer par des marchandises similaires. Si nous ne disposons pas de produits similaires, nous vous rembourserons le montant pay\u00e9 pour les produits.<\/p>\n<p style=\"font-weight: 400;\">8.4 Vous \u00eates responsable du fait que le produit retourn\u00e9 n&rsquo;a pas \u00e9t\u00e9 ouvert et n&rsquo;a pas \u00e9t\u00e9 utilis\u00e9, et vous \u00eates \u00e9galement responsable de l&#8217;emballage lorsque vous retournez le produit.<br \/>Vos articles retourn\u00e9s sont \u00e9valu\u00e9s par nos experts pour v\u00e9rifier qu&rsquo;ils n&rsquo;ont pas \u00e9t\u00e9 utilis\u00e9s, ouverts, endommag\u00e9s ou affect\u00e9s d&rsquo;une autre mani\u00e8re. Si les marchandises retourn\u00e9es r\u00e9pondent aux exigences de non utilisation et de non endommagement, le montant pay\u00e9 \u00e0 l&rsquo;acheteur pour les marchandises sera rembours\u00e9 dans les 5 jours ouvrables apr\u00e8s l&rsquo;inspection des marchandises retourn\u00e9es. <\/p>\n<p style=\"font-weight: 400;\"><span>Plusieurs types de marchandises ne peuvent pas \u00eatre retourn\u00e9s. Les biens p\u00e9rissables tels que les denr\u00e9es alimentaires,   <\/span><span>compl\u00e9ments alimentaires, produits de sant\u00e9  <\/span><span>ne peuvent \u00eatre renvoy\u00e9s. Nous n&rsquo;acceptons pas non plus les produits intimes ou sanitaires. <\/span><span>.<\/span><\/p>\n<p style=\"font-weight: 400;\"><span> <\/span><\/p>\n<p style=\"font-weight: 400;\"><strong>Responsabilit\u00e9<\/strong><\/p>\n<ol start=\"9\">\n<li style=\"font-weight: 400;\">Vous \u00eates enti\u00e8rement responsable de l&rsquo;exactitude des informations fournies dans le formulaire d&rsquo;inscription. Nous ne pouvons \u00eatre tenus pour responsables des pertes r\u00e9sultant du fait que vous n&rsquo;avez pas fourni certaines informations dans le formulaire d&rsquo;inscription. <\/li>\n<\/ol>\n<p style=\"font-weight: 400;\">9.1 Vous \u00eates responsable de vos actes lors de l&rsquo;utilisation de l&rsquo;e-shop.<\/p>\n<p style=\"font-weight: 400;\">9.2 Vous \u00eates responsable de la transmission du mot de passe d&rsquo;enregistrement \u00e0 des tiers. Si des tiers utilisent votre mot de passe d&rsquo;enregistrement, vous serez consid\u00e9r\u00e9 comme responsable des actes de ces tiers.<\/p>\n<p style=\"font-weight: 400;\">9.3 Nous ne sommes pas responsables des informations fournies sur les sites d&rsquo;autres soci\u00e9t\u00e9s, m\u00eame si vous acc\u00e9dez \u00e0 ces sites en utilisant les liens disponibles dans la boutique en ligne.<\/p>\n<p style=\"font-weight: 400;\">9.4 En cas de dommages, la partie coupable doit indemniser la partie l\u00e9s\u00e9e pour les pertes subies.<\/p>\n<p style=\"font-weight: 400;\"><strong>  Envoi d&rsquo;informations<\/strong><\/p>\n<ol start=\"10\">\n<li style=\"font-weight: 400;\">Nous vous enverrons toutes les notifications \u00e0 l&rsquo;adresse \u00e9lectronique indiqu\u00e9e dans votre formulaire d&rsquo;inscription.<\/li>\n<\/ol>\n<p style=\"font-weight: 400;\">10.1 Vous devez envoyer vos notifications et demandes \u00e0 l&rsquo;adresse \u00e9lectronique de la boutique en ligne : <a href=\"mailto:info@energyupbiotic.com\">info@energyupbiotic.com<\/a>.<\/p>\n<p>[\/et_pb_text][\/et_pb_column][\/et_pb_row][\/et_pb_section]<\/p>\n","protected":false},"excerpt":{"rendered":"<p>Conditions d&rsquo;utilisation Dispositions g\u00e9n\u00e9rales Les pr\u00e9sentes r\u00e8gles d&rsquo;achat-vente (ci-apr\u00e8s d\u00e9nomm\u00e9es \u00ab\u00a0r\u00e8gles\u00a0\u00bb) sont un document juridiquement contraignant qui d\u00e9finit les droits, obligations et responsabilit\u00e9s r\u00e9ciproques de l&rsquo;acheteur (ci-apr\u00e8s d\u00e9nomm\u00e9 \u00ab\u00a0vous\u00a0\u00bb) et du vendeur (ci-apr\u00e8s d\u00e9nomm\u00e9 \u00ab\u00a0nous\u00a0\u00bb) lorsque vous achetez des marchandises sur la boutique en ligne www.energyupbiotic.com (ci-apr\u00e8s d\u00e9nomm\u00e9e \u00ab\u00a0boutique en ligne\u00a0\u00bb). 1.1 Avant d&rsquo;effectuer vos [&hellip;]<\/p>\n","protected":false},"author":2,"featured_media":0,"parent":0,"menu_order":0,"comment_status":"closed","ping_status":"closed","template":"","meta":{"_et_pb_use_builder":"on","_et_pb_old_content":"","_et_gb_content_width":"","footnotes":""},"class_list":["post-29556","page","type-page","status-publish","hentry"],"jetpack_sharing_enabled":true,"_links":{"self":[{"href":"https:\/\/energyupbiotic.com\/fr\/wp-json\/wp\/v2\/pages\/29556","targetHints":{"allow":["GET"]}}],"collection":[{"href":"https:\/\/energyupbiotic.com\/fr\/wp-json\/wp\/v2\/pages"}],"about":[{"href":"https:\/\/energyupbiotic.com\/fr\/wp-json\/wp\/v2\/types\/page"}],"author":[{"embeddable":true,"href":"https:\/\/energyupbiotic.com\/fr\/wp-json\/wp\/v2\/users\/2"}],"replies":[{"embeddable":true,"href":"https:\/\/energyupbiotic.com\/fr\/wp-json\/wp\/v2\/comments?post=29556"}],"version-history":[{"count":0,"href":"https:\/\/energyupbiotic.com\/fr\/wp-json\/wp\/v2\/pages\/29556\/revisions"}],"wp:attachment":[{"href":"https:\/\/energyupbiotic.com\/fr\/wp-json\/wp\/v2\/media?parent=29556"}],"curies":[{"name":"wp","href":"https:\/\/api.w.org\/{rel}","templated":true}]}}