{"id":52635,"date":"2025-03-14T11:47:56","date_gmt":"2025-03-14T10:47:56","guid":{"rendered":"https:\/\/energyupbiotic.com\/?page_id=52635"},"modified":"2025-03-27T12:37:53","modified_gmt":"2025-03-27T11:37:53","slug":"informationen-zum-produkt-2","status":"publish","type":"page","link":"https:\/\/energyupbiotic.com\/de\/informationen-zum-produkt-2\/","title":{"rendered":"Gesundheitliche Vorteile von rotem koreanischen Ginseng"},"content":{"rendered":"<p>[et_pb_section fb_built=&#8220;1&#8243; custom_padding_last_edited=&#8220;off|desktop&#8220; admin_label=&#8220;Header&#8220; _builder_version=&#8220;4.27.4&#8243; _module_preset=&#8220;default&#8220; background_enable_color=&#8220;off&#8220; background_color_gradient_direction=&#8220;60deg&#8220; background_color_gradient_start=&#8220;#efe8ff&#8220; background_color_gradient_end=&#8220;#bac7ff&#8220; background_enable_image=&#8220;off&#8220; background_size=&#8220;contain&#8220; background_position=&#8220;bottom_left&#8220; custom_margin_tablet=&#8220;&#8220; custom_margin_phone=&#8220;||-8px||false|false&#8220; custom_margin_last_edited=&#8220;on|phone&#8220; custom_padding=&#8220;1vw||0px||false|false&#8220; custom_padding_tablet=&#8220;80px||||false|false&#8220; custom_padding_phone=&#8220;60px||||false|false&#8220; background_last_edited=&#8220;off|desktop&#8220; use_background_color_gradient_tablet=&#8220;on&#8220; background_color_gradient_stops_tablet=&#8220;rgba(255,255,255,0.5) 0%|rgba(255,255,255,0.5) 100%&#8220; background_color_gradient_start_tablet=&#8220;rgba(255,255,255,0.5)&#8220; background_color_gradient_end_tablet=&#8220;rgba(255,255,255,0.5)&#8220; global_colors_info=&#8220;{}&#8220;][et_pb_row _builder_version=&#8220;4.16&#8243; _module_preset=&#8220;default&#8220; locked=&#8220;off&#8220; global_colors_info=&#8220;{}&#8220;][et_pb_column type=&#8220;4_4&#8243; _builder_version=&#8220;4.16&#8243; _module_preset=&#8220;default&#8220; z_index=&#8220;10&#8243; global_colors_info=&#8220;{}&#8220;][et_pb_text _builder_version=&#8220;4.27.4&#8243; _module_preset=&#8220;c2849e14-f298-4e85-93bb-b7eb6ec6b099&#8243; header_font=&#8220;Montserrat||||||||&#8220; header_text_color=&#8220;gcid-33ba488a-a977-4fcb-9562-ca062f22498f&#8220; header_font_size=&#8220;80px&#8220; header_line_height=&#8220;1.35em&#8220; custom_margin=&#8220;||||false|false&#8220; hover_enabled=&#8220;0&#8243; header_font_size_tablet=&#8220;40px&#8220; header_font_size_phone=&#8220;30px&#8220; header_font_size_last_edited=&#8220;on|phone&#8220; global_colors_info=&#8220;{%22gcid-33ba488a-a977-4fcb-9562-ca062f22498f%22:%91%22header_text_color%22%93}&#8220; sticky_enabled=&#8220;0&#8243;]<\/p>\n<h1><span lang=\"EN-US\">Gesundheitliche Vorteile von rotem koreanischen Ginseng<\/span><\/h1>\n<p>[\/et_pb_text][\/et_pb_column][\/et_pb_row][et_pb_row _builder_version=&#8220;4.27.4&#8243; _module_preset=&#8220;default&#8220; column_structure=&#8220;2_5,3_5&#8243; hover_enabled=&#8220;0&#8243; sticky_enabled=&#8220;0&#8243;][et_pb_column _builder_version=&#8220;4.27.4&#8243; _module_preset=&#8220;default&#8220; type=&#8220;2_5&#8243;][et_pb_image src=&#8220;https:\/\/energyupbiotic.com\/wp-content\/uploads\/2025\/03\/WhatsApp-Image-2025-03-13-at-18.32.14_c11d5039.jpg&#8220; _builder_version=&#8220;4.27.4&#8243; _module_preset=&#8220;default&#8220; title_text=&#8220;WhatsApp Bild 2025-03-13 um 18.32.14_c11d5039&#8243; hover_enabled=&#8220;0&#8243; sticky_enabled=&#8220;0&#8243;][\/et_pb_image][et_pb_button button_url=&#8220;@ET-DC@eyJkeW5hbWljIjp0cnVlLCJjb250ZW50IjoicG9zdF9saW5rX3VybF9wYWdlIiwic2V0dGluZ3MiOnsicG9zdF9pZCI6IjMyMDk2In19@&#8220; button_text=&#8220;Jetzt einkaufen&#8220; button_alignment=&#8220;center&#8220; _builder_version=&#8220;4.27.4&#8243; _dynamic_attributes=&#8220;button_url&#8220; _module_preset=&#8220;_initial&#8220; custom_button=&#8220;on&#8220; button_text_size=&#8220;13px&#8220; button_text_color=&#8220;#FFFFFF&#8220; button_bg_color=&#8220;gcid-2571f71c-785e-4ce1-9885-d2568d494006&#8243; button_border_width=&#8220;6px&#8220; button_border_color=&#8220;gcid-fc7afca1-7302-4e55-829d-3d445387c282&#8243; button_border_radius=&#8220;0px&#8220; button_letter_spacing=&#8220;0.16em&#8220; button_font=&#8220;Inter|700||on|||||&#8220; custom_padding=&#8220;14px|20px|14px|20px|true|true&#8220; box_shadow_style=&#8220;preset4&#8243; box_shadow_spread=&#8220;-8px&#8220; box_shadow_color=&#8220;rgba(0,0,0,0.17)&#8220; global_colors_info=&#8220;{%22gcid-fc7afca1-7302-4e55-829d-3d445387c282%22:%91%22button_border_color%22%93,%22gcid-2571f71c-785e-4ce1-9885-d2568d494006%22:%91%22button_bg_color%22%93}&#8220; theme_builder_area=&#8220;post_content&#8220;][\/et_pb_button][\/et_pb_column][et_pb_column _builder_version=&#8220;4.27.4&#8243; _module_preset=&#8220;default&#8220; type=&#8220;3_5&#8243;][et_pb_text _builder_version=&#8220;4.27.4&#8243; _module_preset=&#8220;16a54059-cc81-4572-9c70-eda6a6c419bf&#8220; text_font=&#8220;Montserrat||||||||&#8220; text_text_color=&#8220;gcid-75f8feef-8e89-48de-a593-3e169dc48f01&#8243; text_font_size=&#8220;16px&#8220; text_line_height=&#8220;1.8em&#8220; link_font=&#8220;Montserrat||||on|||gcid-4b9eed5c-3d04-4887-bc15-8a2e9c2e3ea1|&#8220; link_text_color=&#8220;#000000&#8243; ul_line_height=&#8220;2em&#8220; hover_enabled=&#8220;0&#8243; text_font_size_tablet=&#8220;15px&#8220; text_font_size_phone=&#8220;16px&#8220; text_font_size_last_edited=&#8220;on|phone&#8220; header_font_size_tablet=&#8220;55px&#8220; header_font_size_last_edited=&#8220;off|desktop&#8220; locked=&#8220;off&#8220; global_colors_info=&#8220;{%22gcid-75f8feef-8e89-48de-a593-3e169dc48f01%22:%91%22text_text_color%22%93}&#8220; sticky_enabled=&#8220;0&#8243;]<\/p>\n<p><strong>Geschichte des Roten Ginsengs<\/strong> &#8211; jahrtausendealte Erfahrung. Der Nahrungsbestandteil wird in Korea, Japan, China und anderen orientalischen L\u00e4ndern seit mehr als 4000 Jahren verwendet.<\/p>\n<p>In der traditionellen orientalischen Medizin als wichtiger Bestandteil weit verbreitet. Ginseng hat eine lange m\u00fcndliche Tradition als eine <span>Pflanze<\/span> mit der F\u00e4higkeit, alle menschlichen <span>Krankheiten<\/span> zu heilen.<\/p>\n<p>In &#8222;The Book of Herbs by Shen Nung&#8220; oder &#8222;The Divine Husbandman&#8217;s Materia Medica&#8220; wird Ginseng als wichtiges Pr\u00e4parat f\u00fcr das &#8222;Lebenselixier&#8220; beschrieben, das ewige Jugend und Unsterblichkeit erzeugen soll (Bae 1978). In dem Buch wird behauptet, dass Ginseng ein Tonikum f\u00fcr die f\u00fcnf Eingeweide ist, die tierischen Geister b\u00e4ndigt, die Seele st\u00e4rkt, die Angst vertreibt, die b\u00f6sen Ausscheidungen vertreibt, die Augen erhellt, das Herz \u00f6ffnet und den Verstand f\u00f6rdert (Bae 1978).<\/p>\n<p>So glaubte man, dass Ginseng nicht nur physische, sondern auch metaphysische Wirkungen auf den K\u00f6rper hat.<\/p>\n<p>Ginseng wird in Korea, Japan, China und anderen orientalischen L\u00e4ndern traditionell zur Unterst\u00fctzung der Immunit\u00e4t, zur Verringerung von M\u00fcdigkeit, zur Verbesserung der Blutzirkulation, zur Verbesserung des Ged\u00e4chtnisses und in unseren Tagen zur Unterst\u00fctzung der antioxidativen Wirkung verwendet.<\/p>\n<p>[\/et_pb_text][\/et_pb_column][\/et_pb_row][\/et_pb_section][et_pb_section fb_built=&#8220;1&#8243; admin_label=&#8220;About&#8220; _builder_version=&#8220;4.16&#8243; _module_preset=&#8220;default&#8220; custom_padding=&#8220;2px|||||&#8220; locked=&#8220;off&#8220; global_colors_info=&#8220;{}&#8220;][et_pb_row _builder_version=&#8220;4.27.4&#8243; _module_preset=&#8220;default&#8220; custom_padding=&#8220;||40px||false|false&#8220; hover_enabled=&#8220;0&#8243; border_color_all=&#8220;#000000&#8243; border_width_bottom_tablet=&#8220;4px&#8220; border_width_bottom_phone=&#8220;0px&#8220; border_width_bottom_last_edited=&#8220;on|phone&#8220; global_colors_info=&#8220;{}&#8220; sticky_enabled=&#8220;0&#8243;][et_pb_column type=&#8220;4_4&#8243; _builder_version=&#8220;4.16&#8243; _module_preset=&#8220;default&#8220; global_colors_info=&#8220;{}&#8220;][et_pb_text _builder_version=&#8220;4.20.4&#8243; _module_preset=&#8220;3a5fa9a7-7987-4564-89a5-37b87a5b6ad8&#8243; header_font=&#8220;||||||||&#8220; header_3_font=&#8220;Montserrat|700|||||||&#8220; header_3_text_color=&#8220;gcid-880523c7-8aec-4239-8a3e-b3a38e89d107&#8243; header_3_font_size=&#8220;30px&#8220; header_3_line_height=&#8220;1.4em&#8220; custom_margin=&#8220;||20px||false|false&#8220; header_3_font_size_tablet=&#8220;20px&#8220; header_3_font_size_phone=&#8220;16px&#8220; header_3_font_size_last_edited=&#8220;on|phone&#8220; locked=&#8220;off&#8220; global_colors_info=&#8220;{%22gcid-880523c7-8aec-4239-8a3e-b3a38e89d107%22:%91%22header_3_text_color%22%93}&#8220;]<\/p>\n<h3><b><span lang=\"EN-US\">10 Gesundheitliche Vorteile von rotem koreanischen Ginseng in der orientalischen Medizin.<\/span><\/b><\/h3>\n<p>[\/et_pb_text][et_pb_image src=&#8220;https:\/\/energyupbiotic.com\/wp-content\/uploads\/2023\/04\/image001.png&#8220; title_text=&#8220;Bild001&#8243; _builder_version=&#8220;4.21.0&#8243; _module_preset=&#8220;default&#8220; custom_margin=&#8220;|||95px|false|false&#8220; custom_margin_tablet=&#8220;|||95px|false|false&#8220; custom_margin_phone=&#8220;|||0px|false|false&#8220; custom_margin_last_edited=&#8220;on|phone&#8220; locked=&#8220;off&#8220; global_colors_info=&#8220;{}&#8220;][\/et_pb_image][\/et_pb_column][\/et_pb_row][\/et_pb_section]<\/p>\n","protected":false},"excerpt":{"rendered":"<p>Gesundheitliche Vorteile von rotem koreanischen GinsengGeschichte des Roten Ginsengs &#8211; jahrtausendealte Erfahrung. Der Nahrungsbestandteil wird in Korea, Japan, China und anderen orientalischen L\u00e4ndern seit mehr als 4000 Jahren verwendet. In der traditionellen orientalischen Medizin als wichtiger Bestandteil weit verbreitet. Ginseng hat eine lange m\u00fcndliche Tradition als eine Pflanze mit der F\u00e4higkeit, alle menschlichen Krankheiten zu [&hellip;]<\/p>\n","protected":false},"author":2,"featured_media":0,"parent":0,"menu_order":0,"comment_status":"closed","ping_status":"closed","template":"","meta":{"_et_pb_use_builder":"on","_et_pb_old_content":"","_et_gb_content_width":"","footnotes":""},"class_list":["post-52635","page","type-page","status-publish","hentry"],"jetpack_sharing_enabled":true,"_links":{"self":[{"href":"https:\/\/energyupbiotic.com\/de\/wp-json\/wp\/v2\/pages\/52635","targetHints":{"allow":["GET"]}}],"collection":[{"href":"https:\/\/energyupbiotic.com\/de\/wp-json\/wp\/v2\/pages"}],"about":[{"href":"https:\/\/energyupbiotic.com\/de\/wp-json\/wp\/v2\/types\/page"}],"author":[{"embeddable":true,"href":"https:\/\/energyupbiotic.com\/de\/wp-json\/wp\/v2\/users\/2"}],"replies":[{"embeddable":true,"href":"https:\/\/energyupbiotic.com\/de\/wp-json\/wp\/v2\/comments?post=52635"}],"version-history":[{"count":0,"href":"https:\/\/energyupbiotic.com\/de\/wp-json\/wp\/v2\/pages\/52635\/revisions"}],"wp:attachment":[{"href":"https:\/\/energyupbiotic.com\/de\/wp-json\/wp\/v2\/media?parent=52635"}],"curies":[{"name":"wp","href":"https:\/\/api.w.org\/{rel}","templated":true}]}}