{"id":52590,"date":"2025-03-14T11:14:16","date_gmt":"2025-03-14T10:14:16","guid":{"rendered":"https:\/\/energyupbiotic.com\/gesundheitliche-vorteile-von-probiotika\/"},"modified":"2025-03-27T12:46:49","modified_gmt":"2025-03-27T11:46:49","slug":"gesundheitliche-vorteile-von-probiotika","status":"publish","type":"page","link":"https:\/\/energyupbiotic.com\/de\/gesundheitliche-vorteile-von-probiotika\/","title":{"rendered":"Gesundheitliche Vorteile von Probiotika"},"content":{"rendered":"<p>[et_pb_section fb_built=&#8220;1&#8243; custom_padding_last_edited=&#8220;off|desktop&#8220; admin_label=&#8220;Header&#8220; _builder_version=&#8220;4.27.4&#8243; _module_preset=&#8220;default&#8220; background_enable_color=&#8220;off&#8220; background_color_gradient_direction=&#8220;60deg&#8220; background_color_gradient_start=&#8220;#efe8ff&#8220; background_color_gradient_end=&#8220;#bac7ff&#8220; background_enable_image=&#8220;off&#8220; background_size=&#8220;contain&#8220; background_position=&#8220;bottom_left&#8220; custom_margin_tablet=&#8220;&#8220; custom_margin_phone=&#8220;||-8px||false|false&#8220; custom_margin_last_edited=&#8220;on|phone&#8220; custom_padding=&#8220;1vw||0px||false|false&#8220; custom_padding_tablet=&#8220;80px||||false|false&#8220; custom_padding_phone=&#8220;60px||||false|false&#8220; background_last_edited=&#8220;off|desktop&#8220; use_background_color_gradient_tablet=&#8220;on&#8220; background_color_gradient_stops_tablet=&#8220;rgba(255,255,255,0.5) 0%|rgba(255,255,255,0.5) 100%&#8220; background_color_gradient_start_tablet=&#8220;rgba(255,255,255,0.5)&#8220; background_color_gradient_end_tablet=&#8220;rgba(255,255,255,0.5)&#8220; global_colors_info=&#8220;{}&#8220;][et_pb_row _builder_version=&#8220;4.16&#8243; _module_preset=&#8220;default&#8220; locked=&#8220;off&#8220; global_colors_info=&#8220;{}&#8220;][et_pb_column type=&#8220;4_4&#8243; _builder_version=&#8220;4.16&#8243; _module_preset=&#8220;default&#8220; z_index=&#8220;10&#8243; global_colors_info=&#8220;{}&#8220;][et_pb_text _builder_version=&#8220;4.27.4&#8243; _module_preset=&#8220;c2849e14-f298-4e85-93bb-b7eb6ec6b099&#8243; header_font=&#8220;Montserrat||||||||&#8220; header_text_color=&#8220;gcid-33ba488a-a977-4fcb-9562-ca062f22498f&#8220; header_font_size=&#8220;65px&#8220; header_line_height=&#8220;1.35em&#8220; custom_margin=&#8220;||||false|false&#8220; header_font_size_tablet=&#8220;40px&#8220; header_font_size_phone=&#8220;30px&#8220; header_font_size_last_edited=&#8220;on|phone&#8220; global_colors_info=&#8220;{%22gcid-33ba488a-a977-4fcb-9562-ca062f22498f%22:%91%22header_text_color%22%93}&#8220;]<\/p>\n<h1>Gesundheitliche Vorteile von Probiotika<\/h1>\n<p>[\/et_pb_text][\/et_pb_column][\/et_pb_row][et_pb_row _builder_version=&#8220;4.27.4&#8243; _module_preset=&#8220;default&#8220; global_colors_info=&#8220;{}&#8220;][et_pb_column type=&#8220;4_4&#8243; _builder_version=&#8220;4.27.4&#8243; _module_preset=&#8220;default&#8220; global_colors_info=&#8220;{}&#8220;][et_pb_video src=&#8220;https:\/\/youtu.be\/l2a01N49jK0?si=c2kYYI8-UdaCF2UI&#8220; _builder_version=&#8220;4.27.4&#8243; _module_preset=&#8220;default&#8220; global_colors_info=&#8220;{}&#8220;][\/et_pb_video][\/et_pb_column][\/et_pb_row][\/et_pb_section][et_pb_section fb_built=&#8220;1&#8243; admin_label=&#8220;Call to Action&#8220; _builder_version=&#8220;4.21.0&#8243; _module_preset=&#8220;default&#8220; custom_padding=&#8220;0px||30px||false|false&#8220; global_colors_info=&#8220;{}&#8220;][et_pb_row _builder_version=&#8220;4.27.4&#8243; _module_preset=&#8220;default&#8220;][et_pb_column _builder_version=&#8220;4.27.4&#8243; _module_preset=&#8220;default&#8220; type=&#8220;4_4&#8243;][et_pb_text _builder_version=&#8220;4.27.4&#8243; _module_preset=&#8220;default&#8220; hover_enabled=&#8220;0&#8243; sticky_enabled=&#8220;0&#8243; text_font=&#8220;Montserrat||||||||&#8220; text_font_size=&#8220;16px&#8220; text_letter_spacing=&#8220;1px&#8220; link_font=&#8220;Montserrat||||||||&#8220; global_colors_info=&#8220;{%22gcid-2571f71c-785e-4ce1-9885-d2568d494006%22:%91%22link_text_color%22%93}&#8220; link_text_color=&#8220;gcid-2571f71c-785e-4ce1-9885-d2568d494006&#8243;]<\/p>\n<p>Der Begriff <strong>&#8222;Probiotikum&#8220;<\/strong> wurde 2001 von einer <a href=\"http:\/\/www.fao.org\/3\/a-a0512e.pdf\" target=\"_blank\" rel=\"noopener\">Expertenkonsultation der Ern\u00e4hrungs- und Landwirtschaftsorganisation der <strong>Vereinten Nationen und der Weltgesundheitsorganisation<\/strong> (FAO\/WHO<\/a>) definiert.<\/p>\n<p>Im darauf folgenden Jahr ver\u00f6ffentlichte die FAO\/WHO <a href=\"https:\/\/www.who.int\/foodsafety\/fs_management\/en\/probiotic_guidelines.pdf\" target=\"_blank\" rel=\"noopener\">Leitlinien f\u00fcr die Bewertung von Probiotika in Lebensmitteln<\/a>, die von einer Sachverst\u00e4ndigen-Arbeitsgruppe verfasst wurden, die vor der ISAPP-Gr\u00fcndungsversammlung zusammentrat.<\/p>\n<p>Im Jahr 2013 berief die ISAPP ein Expertengremium ein, um den Begriff Probiotikum und die damit verbundene Literatur zu \u00fcberpr\u00fcfen. Das Endergebnis war <span><br \/>\n  <a href=\"https:\/\/www.nature.com\/articles\/nrgastro.2014.66\" target=\"_blank\" rel=\"noopener\">eine Ver\u00f6ffentlichung, die die Definition wiederholt<\/a><br \/>\n<\/span> mit geringf\u00fcgigen grammatikalischen \u00c4nderungen: &#8222;<strong>Lebende Mikroorganismen, die, wenn sie in angemessenen Mengen verabreicht werden, dem Wirt einen gesundheitlichen Nutzen bringen.&#8220; Dies ist die weltweit anerkannte wissenschaftliche Definition von Probiotika.<\/strong><\/p>\n<p>[\/et_pb_text][\/et_pb_column][\/et_pb_row][et_pb_row _builder_version=&#8220;4.27.4&#8243; _module_preset=&#8220;default&#8220; global_colors_info=&#8220;{}&#8220;][et_pb_column type=&#8220;4_4&#8243; _builder_version=&#8220;4.27.4&#8243; _module_preset=&#8220;default&#8220; global_colors_info=&#8220;{}&#8220;][et_pb_button button_url=&#8220;@ET-DC@eyJkeW5hbWljIjp0cnVlLCJjb250ZW50IjoicG9zdF9saW5rX3VybF9wYWdlIiwic2V0dGluZ3MiOnsicG9zdF9pZCI6IjMyMDk2In19@&#8220; button_text=&#8220;Jetzt einkaufen&#8220; button_alignment=&#8220;center&#8220; _builder_version=&#8220;4.27.4&#8243; _dynamic_attributes=&#8220;button_url&#8220; _module_preset=&#8220;_initial&#8220; custom_button=&#8220;on&#8220; button_text_size=&#8220;13px&#8220; button_text_color=&#8220;#FFFFFF&#8220; button_bg_color=&#8220;gcid-2571f71c-785e-4ce1-9885-d2568d494006&#8243; button_border_width=&#8220;6px&#8220; button_border_color=&#8220;gcid-fc7afca1-7302-4e55-829d-3d445387c282&#8243; button_border_radius=&#8220;0px&#8220; button_letter_spacing=&#8220;0.16em&#8220; button_font=&#8220;Inter|700||on|||||&#8220; custom_padding=&#8220;14px|20px|14px|20px|true|true&#8220; box_shadow_style=&#8220;preset4&#8243; box_shadow_spread=&#8220;-8px&#8220; box_shadow_color=&#8220;rgba(0,0,0,0.17)&#8220; global_colors_info=&#8220;{%22gcid-fc7afca1-7302-4e55-829d-3d445387c282%22:%91%22button_border_color%22%93,%22gcid-2571f71c-785e-4ce1-9885-d2568d494006%22:%91%22button_bg_color%22%93}&#8220; theme_builder_area=&#8220;post_content&#8220;][\/et_pb_button][et_pb_image src=&#8220;https:\/\/energyupbiotic.com\/wp-content\/uploads\/2023\/04\/energybiotic.jpg&#8220; title_text=&#8220;energybiotic&#8220; _builder_version=&#8220;4.27.4&#8243; _module_preset=&#8220;default&#8220; global_colors_info=&#8220;{}&#8220;][\/et_pb_image][\/et_pb_column][\/et_pb_row][\/et_pb_section]<\/p>\n","protected":false},"excerpt":{"rendered":"<p>Gesundheitliche Vorteile von ProbiotikaDer Begriff &#8222;Probiotikum&#8220; wurde 2001 von einer Expertenkonsultation der Ern\u00e4hrungs- und Landwirtschaftsorganisation der Vereinten Nationen und der Weltgesundheitsorganisation (FAO\/WHO) definiert. Im darauf folgenden Jahr ver\u00f6ffentlichte die FAO\/WHO Leitlinien f\u00fcr die Bewertung von Probiotika in Lebensmitteln, die von einer Sachverst\u00e4ndigen-Arbeitsgruppe verfasst wurden, die vor der ISAPP-Gr\u00fcndungsversammlung zusammentrat. Im Jahr 2013 berief die ISAPP [&hellip;]<\/p>\n","protected":false},"author":2,"featured_media":0,"parent":0,"menu_order":0,"comment_status":"closed","ping_status":"closed","template":"","meta":{"_et_pb_use_builder":"on","_et_pb_old_content":"","_et_gb_content_width":"","footnotes":""},"class_list":["post-52590","page","type-page","status-publish","hentry"],"jetpack_sharing_enabled":true,"_links":{"self":[{"href":"https:\/\/energyupbiotic.com\/de\/wp-json\/wp\/v2\/pages\/52590","targetHints":{"allow":["GET"]}}],"collection":[{"href":"https:\/\/energyupbiotic.com\/de\/wp-json\/wp\/v2\/pages"}],"about":[{"href":"https:\/\/energyupbiotic.com\/de\/wp-json\/wp\/v2\/types\/page"}],"author":[{"embeddable":true,"href":"https:\/\/energyupbiotic.com\/de\/wp-json\/wp\/v2\/users\/2"}],"replies":[{"embeddable":true,"href":"https:\/\/energyupbiotic.com\/de\/wp-json\/wp\/v2\/comments?post=52590"}],"version-history":[{"count":0,"href":"https:\/\/energyupbiotic.com\/de\/wp-json\/wp\/v2\/pages\/52590\/revisions"}],"wp:attachment":[{"href":"https:\/\/energyupbiotic.com\/de\/wp-json\/wp\/v2\/media?parent=52590"}],"curies":[{"name":"wp","href":"https:\/\/api.w.org\/{rel}","templated":true}]}}