{"id":32102,"date":"2025-03-12T09:17:46","date_gmt":"2025-03-12T08:17:46","guid":{"rendered":"https:\/\/energyupbiotic.com\/neu-einkaufen\/"},"modified":"2026-02-10T08:35:36","modified_gmt":"2026-02-10T07:35:36","slug":"neu-einkaufen","status":"publish","type":"page","link":"https:\/\/energyupbiotic.com\/de\/neu-einkaufen\/","title":{"rendered":"Shop"},"content":{"rendered":"<p>[et_pb_section fb_built=&#8220;1&#8243; _builder_version=&#8220;4.27.4&#8243; _module_preset=&#8220;default&#8220; custom_padding=&#8220;47px|||||&#8220; global_colors_info=&#8220;{}&#8220;][et_pb_row column_structure=&#8220;1_2,1_2&#8243; use_custom_gutter=&#8220;on&#8220; gutter_width=&#8220;1&#8243; make_equal=&#8220;on&#8220; disabled_on=&#8220;off|off|off&#8220; _builder_version=&#8220;4.27.4&#8243; _module_preset=&#8220;default&#8220; custom_padding=&#8220;0px|||||&#8220; hover_enabled=&#8220;0&#8243; global_colors_info=&#8220;{}&#8220; sticky_enabled=&#8220;0&#8243;][et_pb_column type=&#8220;1_2&#8243; _builder_version=&#8220;4.27.4&#8243; _module_preset=&#8220;default&#8220; background_color=&#8220;gcid-2571f71c-785e-4ce1-9885-d2568d494006&#8243; custom_padding=&#8220;110px|60px|110px|60px|true|true&#8220; custom_padding_tablet=&#8220;10%|10%|10%|10%|true|true&#8220; custom_padding_phone=&#8220;||||true|true&#8220; custom_padding_last_edited=&#8220;on|desktop&#8220; global_colors_info=&#8220;{%22gcid-2571f71c-785e-4ce1-9885-d2568d494006%22:%91%22background_color%22%93}&#8220;][et_pb_image src=&#8220;https:\/\/energyupbiotic.com\/wp-content\/uploads\/2025\/03\/5-pack-bundle-energyup.png&#8220; title_text=&#8220;5er-Pack B\u00fcndel energyup&#8220; url=&#8220;@ET-DC@eyJkeW5hbWljIjp0cnVlLCJjb250ZW50IjoicG9zdF9saW5rX3VybF9wcm9kdWN0Iiwic2V0dGluZ3MiOnsicG9zdF9pZCI6IjMwNzUxIn19@&#8220; _builder_version=&#8220;4.27.4&#8243; _dynamic_attributes=&#8220;url&#8220; _module_preset=&#8220;default&#8220; global_colors_info=&#8220;{}&#8220;][\/et_pb_image][\/et_pb_column][et_pb_column type=&#8220;1_2&#8243; _builder_version=&#8220;4.27.4&#8243; _module_preset=&#8220;default&#8220; background_color=&#8220;gcid-fc7afca1-7302-4e55-829d-3d445387c282&#8243; custom_padding=&#8220;110px|60px|110px|60px|true|true&#8220; custom_padding_tablet=&#8220;10%|10%|10%|10%|true|true&#8220; custom_padding_phone=&#8220;||||true|true&#8220; custom_padding_last_edited=&#8220;on|desktop&#8220; global_colors_info=&#8220;{%22gcid-fc7afca1-7302-4e55-829d-3d445387c282%22:%91%22background_color%22%93}&#8220;][et_pb_text _builder_version=&#8220;4.27.5&#8243; _module_preset=&#8220;799b6ce2-d00d-473a-a1f4-2854465276ae&#8220; header_3_font=&#8220;Montserrat||||||||&#8220; header_3_text_color=&#8220;gcid-2571f71c-785e-4ce1-9885-d2568d494006&#8243; header_3_font_size=&#8220;35px&#8220; header_3_letter_spacing=&#8220;1px&#8220; text_orientation=&#8220;center&#8220; custom_margin=&#8220;||10px||false|false&#8220; hover_enabled=&#8220;0&#8243; global_colors_info=&#8220;{%22gcid-2571f71c-785e-4ce1-9885-d2568d494006%22:%91%22header_3_text_color%22%93}&#8220; sticky_enabled=&#8220;0&#8243;]<\/p>\n<h3>5er-Pack Bundle<\/h3>\n<p>[\/et_pb_text][et_pb_wc_price product=&#8220;29252&#8243; _builder_version=&#8220;4.27.4&#8243; _module_preset=&#8220;default&#8220; body_font=&#8220;Montserrat||||||||&#8220; body_text_color=&#8220;gcid-2571f71c-785e-4ce1-9885-d2568d494006&#8243; body_font_size=&#8220;24px&#8220; body_letter_spacing=&#8220;1px&#8220; body_line_height=&#8220;1.5em&#8220; text_orientation=&#8220;center&#8220; custom_margin=&#8220;||15px||false|false&#8220; global_colors_info=&#8220;{%22gcid-2571f71c-785e-4ce1-9885-d2568d494006%22:%91%22body_text_color%22%93,%22gcid-fc7afca1-7302-4e55-829d-3d445387c282%22:%91%22before_sale_price_text_color%22%93,%22gcid-343a01d3-be7d-420b-a209-f9b3ce164c4a%22:%91%22sale_price_text_color%22%93}&#8220;][\/et_pb_wc_price][et_pb_text _builder_version=&#8220;4.27.4&#8243; _module_preset=&#8220;e3ea19f4-3c44-4250-b505-892cf37954f2&#8243; text_font=&#8220;Montserrat||||||||&#8220; text_letter_spacing=&#8220;1px&#8220; text_line_height=&#8220;1.4em&#8220; text_orientation=&#8220;center&#8220; custom_margin=&#8220;||30px||false|false&#8220; global_colors_info=&#8220;{}&#8220; ul_position=&#8220;inside&#8220;]<\/p>\n<p data-start=\"53\" data-end=\"192\">Holen Sie sich den ultimativen Gesundheits- und Energieschub f\u00fcr Ihren Darm mit unserem <strong data-start=\"107\" data-end=\"124\">5er-Paket<\/strong> &#8211; die perfekte Wahl f\u00fcr alle, die sich f\u00fcr langfristiges Wohlbefinden einsetzen!<\/p>\n<p data-start=\"403\" data-end=\"582\"><strong data-start=\"406\" data-end=\"435\"><span>\u2727 <\/span>5er-Paket &#8211; 150 Dosen<\/strong> f\u00fcr einen kompletten <strong data-start=\"451\" data-end=\"471\">Vorrat f\u00fcr 2-3 Monate<\/strong>.<br data-start=\"472\" data-end=\"475\"><strong data-start=\"478\" data-end=\"491\" data-is-only-node=\"\"><span>\u2727 <\/span>Sparen Sie mehr<\/strong> mit unserem speziellen Paket-Rabatt!<br data-start=\"525\" data-end=\"528\"><strong>\u2727 <\/strong>Erzielen Sie <strong data-start=\"539\" data-end=\"558\">optimale Ergebnisse<\/strong> mit 2 Dosen pro Tag.<\/p>\n<p data-start=\"584\" data-end=\"643\" data-is-last-node=\"\" data-is-only-node=\"\">Investieren Sie noch heute in Ihre Gesundheit und sp\u00fcren Sie die Ver\u00e4nderung!<\/p>\n<p>[\/et_pb_text][et_pb_wc_add_to_cart product=&#8220;29252&#8243; show_stock=&#8220;off&#8220; _builder_version=&#8220;4.27.4&#8243; _module_preset=&#8220;default&#8220; fields_background_color=&#8220;gcid-dfc24a8f-e52e-4d12-ad90-209299fcda36&#8243; fields_text_color=&#8220;gcid-2571f71c-785e-4ce1-9885-d2568d494006&#8243; fields_focus_background_color=&#8220;gcid-343a01d3-be7d-420b-a209-f9b3ce164c4a&#8220; fields_focus_text_color=&#8220;gcid-2571f71c-785e-4ce1-9885-d2568d494006&#8243; field_label_font=&#8220;Montserrat|700||on|||||&#8220; field_label_text_color=&#8220;gcid-2571f71c-785e-4ce1-9885-d2568d494006&#8243; field_label_font_size=&#8220;16px&#8220; field_label_letter_spacing=&#8220;1px&#8220; field_label_line_height=&#8220;1em&#8220; fields_font=&#8220;Montserrat||||||||&#8220; fields_letter_spacing=&#8220;1px&#8220; custom_button=&#8220;on&#8220; button_text_size=&#8220;20px&#8220; button_text_color=&#8220;#FFFFFF&#8220; button_bg_color=&#8220;gcid-2571f71c-785e-4ce1-9885-d2568d494006&#8243; button_border_radius=&#8220;0px&#8220; button_letter_spacing=&#8220;0px&#8220; button_font=&#8220;Montserrat|||on|||||&#8220; button_custom_padding=&#8220;10px||10px||false|false&#8220; text_orientation=&#8220;center&#8220; global_colors_info=&#8220;{%22gcid-2571f71c-785e-4ce1-9885-d2568d494006%22:%91%22field_label_text_color%22,%22fields_text_color%22,%22fields_focus_text_color%22,%22button_bg_color%22%93,%22gcid-dfc24a8f-e52e-4d12-ad90-209299fcda36%22:%91%22fields_background_color%22%93,%22gcid-343a01d3-be7d-420b-a209-f9b3ce164c4a%22:%91%22fields_focus_background_color%22%93}&#8220;][\/et_pb_wc_add_to_cart][\/et_pb_column][\/et_pb_row][\/et_pb_section]<\/p>\n","protected":false},"excerpt":{"rendered":"<p>5er-Pack BundleHolen Sie sich den ultimativen Gesundheits- und Energieschub f\u00fcr Ihren Darm mit unserem 5er-Paket &#8211; die perfekte Wahl f\u00fcr alle, die sich f\u00fcr langfristiges Wohlbefinden einsetzen! \u2727 5er-Paket &#8211; 150 Dosen f\u00fcr einen kompletten Vorrat f\u00fcr 2-3 Monate.\u2727 Sparen Sie mehr mit unserem speziellen Paket-Rabatt!\u2727 Erzielen Sie optimale Ergebnisse mit 2 Dosen pro Tag. [&hellip;]<\/p>\n","protected":false},"author":2,"featured_media":0,"parent":0,"menu_order":0,"comment_status":"closed","ping_status":"closed","template":"","meta":{"_et_pb_use_builder":"on","_et_pb_old_content":"","_et_gb_content_width":"","footnotes":""},"class_list":["post-32102","page","type-page","status-publish","hentry"],"jetpack_sharing_enabled":true,"_links":{"self":[{"href":"https:\/\/energyupbiotic.com\/de\/wp-json\/wp\/v2\/pages\/32102","targetHints":{"allow":["GET"]}}],"collection":[{"href":"https:\/\/energyupbiotic.com\/de\/wp-json\/wp\/v2\/pages"}],"about":[{"href":"https:\/\/energyupbiotic.com\/de\/wp-json\/wp\/v2\/types\/page"}],"author":[{"embeddable":true,"href":"https:\/\/energyupbiotic.com\/de\/wp-json\/wp\/v2\/users\/2"}],"replies":[{"embeddable":true,"href":"https:\/\/energyupbiotic.com\/de\/wp-json\/wp\/v2\/comments?post=32102"}],"version-history":[{"count":1,"href":"https:\/\/energyupbiotic.com\/de\/wp-json\/wp\/v2\/pages\/32102\/revisions"}],"predecessor-version":[{"id":55590,"href":"https:\/\/energyupbiotic.com\/de\/wp-json\/wp\/v2\/pages\/32102\/revisions\/55590"}],"wp:attachment":[{"href":"https:\/\/energyupbiotic.com\/de\/wp-json\/wp\/v2\/media?parent=32102"}],"curies":[{"name":"wp","href":"https:\/\/api.w.org\/{rel}","templated":true}]}}