{"id":29502,"date":"2023-06-28T10:12:35","date_gmt":"2023-06-28T08:12:35","guid":{"rendered":"https:\/\/energyupbiotic.com\/bedingungen-und-konditionen\/"},"modified":"2025-04-26T12:13:11","modified_gmt":"2025-04-26T10:13:11","slug":"bedingungen-und-konditionen","status":"publish","type":"page","link":"https:\/\/energyupbiotic.com\/de\/bedingungen-und-konditionen\/","title":{"rendered":"Allgemeine Gesch\u00e4ftsbedingungen &#8211; Energy Up Biotics: Wichtige Informationen f\u00fcr Kunden"},"content":{"rendered":"<p>[et_pb_section fb_built=&#8220;1&#8243; admin_label=&#8220;section&#8220; _builder_version=&#8220;4.16&#8243; custom_padding=&#8220;3px|||||&#8220; global_colors_info=&#8220;{}&#8220;][et_pb_row _builder_version=&#8220;4.27.4&#8243; _module_preset=&#8220;default&#8220; custom_margin=&#8220;0px||||false|false&#8220; custom_margin_tablet=&#8220;0px||||false|false&#8220; custom_margin_phone=&#8220;0px||||false|false&#8220; custom_margin_last_edited=&#8220;on|phone&#8220; global_colors_info=&#8220;{}&#8220;][et_pb_column type=&#8220;4_4&#8243; _builder_version=&#8220;4.21.0&#8243; _module_preset=&#8220;default&#8220; global_colors_info=&#8220;{}&#8220;][et_pb_divider show_divider=&#8220;off&#8220; _builder_version=&#8220;4.21.0&#8243; _module_preset=&#8220;default&#8220; global_colors_info=&#8220;{}&#8220;][\/et_pb_divider][\/et_pb_column][\/et_pb_row][et_pb_row admin_label=&#8220;Zeile&#8220; _builder_version=&#8220;4.16&#8243; background_size=&#8220;initial&#8220; background_position=&#8220;top_left&#8220; background_repeat=&#8220;repeat&#8220; custom_padding=&#8220;2px|||||&#8220; global_colors_info=&#8220;{}&#8220;][et_pb_column type=&#8220;4_4&#8243; _builder_version=&#8220;4.16&#8243; custom_padding=&#8220;|||&#8220; global_colors_info=&#8220;{}&#8220; custom_padding__hover=&#8220;|||&#8220;][et_pb_text admin_label=&#8220;Text&#8220; _builder_version=&#8220;4.27.4&#8243; background_size=&#8220;initial&#8220; background_position=&#8220;top_left&#8220; background_repeat=&#8220;repeat&#8220; custom_margin=&#8220;-21px|||||&#8220; hover_enabled=&#8220;0&#8243; global_colors_info=&#8220;{}&#8220; text_font=&#8220;Montserrat||||||||&#8220; text_letter_spacing=&#8220;1px&#8220; text_font_size=&#8220;16px&#8220; sticky_enabled=&#8220;0&#8243;]<\/p>\n<h2>Bedingungen und Konditionen<\/h2>\n<p> <strong>Allgemeine Bestimmungen<\/strong><\/p>\n<ol>\n<li style=\"font-weight: 400;\">Diese Einkaufs-Verkaufsregeln (im Folgenden als &#8222;Regeln&#8220; bezeichnet) sind ein rechtsverbindliches Dokument, das die gegenseitigen Rechte, Pflichten und Verbindlichkeiten des K\u00e4ufers (im Folgenden als &#8222;Sie&#8220; bezeichnet) und des Verk\u00e4ufers (im Folgenden als &#8222;wir&#8220; bezeichnet) regelt, wenn Sie Waren im E-Shop <a href=\"http:\/\/www.energyupbiotic.com\/\" data-saferedirecturl=\"https:\/\/www.google.com\/url?q=http:\/\/www.energyupbiotic.com&amp;source=gmail&amp;ust=1742375619898000&amp;usg=AOvVaw0a3Vn4P61C2seD65Q12lhu\">www.energyupbiotic.com (<\/a>im Folgenden als &#8222;E-Shop&#8220; bezeichnet) kaufen.<\/li>\n<\/ol>\n<p style=\"font-weight: 400;\">1.1 Bevor Sie Ihre Eink\u00e4ufe im E-Shop t\u00e4tigen, k\u00f6nnen Sie sich entweder auf der Website des E-Shops registrieren oder Waren als Partner kaufen.<\/p>\n<p style=\"font-weight: 400;\">1.2 Wenn Sie auf der E-Shop-Website <a href=\"http:\/\/www.energyupbiotic.com\/\" data-saferedirecturl=\"https:\/\/www.google.com\/url?q=http:\/\/www.energyupbiotic.com&amp;source=gmail&amp;ust=1742375619898000&amp;usg=AOvVaw0a3Vn4P61C2seD65Q12lhu\">www.energyupbiotic.com<\/a> einkaufen, erkl\u00e4ren Sie sich mit den folgenden Regeln ohne jegliche Vorbehalte oder Einschr\u00e4nkungen einverstanden.<\/p>\n<p style=\"font-weight: 400;\">1.3 Mit der Registrierung auf der E-Shop-Website <a href=\"http:\/\/www.energyupbiotic.com\/\" data-saferedirecturl=\"https:\/\/www.google.com\/url?q=http:\/\/www.energyupbiotic.com&amp;source=gmail&amp;ust=1742375619898000&amp;usg=AOvVaw0a3Vn4P61C2seD65Q12lhu\">www.energyupbiotic.com<\/a> und der Zustimmung zu diesen Regeln erkennen Sie an, dass Sie das Recht haben, Waren im E-Shop ohne jegliche Einschr\u00e4nkungen zu kaufen, d.h. Sie sind:<br \/>*eine nat\u00fcrliche Person, die rechtsf\u00e4hig ist.<br \/>*eine minderj\u00e4hrige Person im Alter von vierzehn bis achtzehn Jahren, die die Zustimmung ihrer Eltern oder Betreuer hat,<br \/>* eine juristische Person\/Vertreter derselben.<\/p>\n<p style=\"font-weight: 400;\">1.4 Mit der Zustimmung zu diesen Regeln erkl\u00e4ren Sie sich auch damit einverstanden, an Ihre E-Mail-Adresse die Briefe mit den f\u00fcr die Bestellung von Waren, die Zahlung und die Lieferung erforderlichen Informationen zu erhalten. Sie erkl\u00e4ren sich au\u00dferdem damit einverstanden, dass Ihre E-Mail-Adresse f\u00fcr Zwecke des Direktmarketings und f\u00fcr Umfragen verwendet wird. Sollten Sie mit der Nutzung Ihrer E-Mail-Adresse zu Zwecken des Direktmarketings und\/oder der Umfrage nicht einverstanden sein, teilen Sie uns dies bitte mit, indem Sie eine E-Mail an <a href=\"mailto:info@energyupbiotic.com\">info@energyupbiotic.com senden. <br \/><\/a><br \/><strong>Abschluss des Kauf-\/Verkaufsvertrags<\/strong><\/p>\n<ol start=\"2\">\n<li style=\"font-weight: 400;\">Der Vertrag zwischen Ihnen und uns gilt als abgeschlossen, sobald Sie auf &#8222;Bestellen&#8220; klicken, nachdem Sie Ihre Produkte in den Warenkorb gelegt, die Lieferadresse angegeben, die Zahlungsmethode gew\u00e4hlt und sich mit unseren Regeln vertraut gemacht haben.<\/li>\n<\/ol>\n<p style=\"font-weight: 400;\">2.1 Jeder zwischen Ihnen und uns geschlossene Vertrag wird im E-Shop gespeichert.<\/p>\n<p style=\"font-weight: 400;\">Ihre Rechte<\/p>\n<p style=\"font-weight: 400;\">3.1. Sie haben das Recht, Waren im E-Shop nach dem in diesen Regeln und im E-Shop festgelegten Verfahren zu kaufen.<\/p>\n<p style=\"font-weight: 400;\">3.2. Sie haben das Recht, den mit dem E-Shop abgeschlossenen Kaufvertrag \u00fcber den Verkauf von Waren zu widerrufen, indem Sie uns sp\u00e4testens innerhalb von 7 Werktagen ab dem Tag der Lieferung der Waren schriftlich (per E-Mail, unter Angabe der zur\u00fcckzusendenden Waren und der Bestellnummer) dar\u00fcber informieren.<\/p>\n<p style=\"font-weight: 400;\">3.3. Sie k\u00f6nnen von Ihrem R\u00fcckgaberecht nur Gebrauch machen, wenn die zur\u00fcckgesendete Ware unbesch\u00e4digt ist oder ihr \u00c4u\u00dferes nicht wesentlich ver\u00e4ndert wurde und wenn die Ware nicht benutzt worden ist.<\/p>\n<p style=\"font-weight: 400;\"><span>Einige Arten von Waren sind von der R\u00fcckgabe ausgenommen. Verderbliche Waren wie z.B. Lebensmittel,   <\/span><span>Nahrungserg\u00e4nzungsmittel, Gesundheitsprodukte  <\/span><span>k\u00f6nnen nicht zur\u00fcckgegeben werden. Wir akzeptieren auch keine Produkte, bei denen es sich um Intim- oder Sanit\u00e4rartikel handelt <\/span><span>.<\/span><\/p>\n<p style=\"font-weight: 400;\">3.4. Wir haften nicht daf\u00fcr, dass die im E-Shop verf\u00fcgbaren Waren aufgrund der Eigenschaften der von Ihnen verwendeten Ger\u00e4te eine andere Farbe, Form oder andere Merkmale als die tats\u00e4chlichen Waren aufweisen.<\/p>\n<p style=\"font-weight: 400;\"> <strong>Sie verpflichten sich zu Folgendem<\/strong><\/p>\n<ol start=\"4\">\n<li style=\"font-weight: 400;\">Die bestellten Waren anzunehmen und den vereinbarten Preis daf\u00fcr zu zahlen.<\/li>\n<\/ol>\n<p style=\"font-weight: 400;\">4.1 Sollten sich die Angaben in Ihrem Anmeldeformular \u00e4ndern, sind Sie verpflichtet, diese unverz\u00fcglich zu aktualisieren. Werden die Angaben nicht aktualisiert, haften wir nicht f\u00fcr die ordnungsgem\u00e4\u00dfe Durchf\u00fchrung unseres Vertrages.<\/p>\n<p style=\"font-weight: 400;\">4.2 Durch die Nutzung des E-Shops erkl\u00e4ren Sie sich mit den Regeln einverstanden und sind verpflichtet, diese einzuhalten.<\/p>\n<p style=\"font-weight: 400;\"><strong>Unsere Rechte<\/strong><\/p>\n<ol start=\"5\">\n<li style=\"font-weight: 400;\">Sollten Sie versuchen, den E-Shop oder sein stabiles Funktionieren zu beeintr\u00e4chtigen, k\u00f6nnen wir die Nutzung des E-Shops durch Sie einschr\u00e4nken oder aussetzen oder Ihre Registrierung ohne Vorwarnung l\u00f6schen.<\/li>\n<\/ol>\n<p style=\"font-weight: 400;\">5.1 Unter besonderen Umst\u00e4nden k\u00f6nnen wir die Aktivit\u00e4ten des E-Shops aussetzen oder einstellen, ohne Sie im Voraus zu informieren.<\/p>\n<p style=\"font-weight: 400;\">5.2 Wir k\u00f6nnen die Bedingungen der vorliegenden Regeln jederzeit einseitig \u00e4ndern. Sie werden bei Ihrem Besuch des E-Shops \u00fcber die \u00c4nderungen informiert; um Ihren Einkauf fortzusetzen, m\u00fcssen Sie die ge\u00e4nderten Bedingungen wiederholt akzeptieren. Sollten Sie sich weigern, die ge\u00e4nderten Bedingungen zu akzeptieren, behalten wir uns das Recht vor, Ihre Bestellung nicht anzunehmen.<\/p>\n<p style=\"font-weight: 400;\">5.3 Wir haben das Recht, nach eigenem Ermessen eine Mindestgr\u00f6\u00dfe des Warenkorbs festzulegen, d.h. die Mindestbestellmenge, damit dieser akzeptiert wird.<\/p>\n<p style=\"font-weight: 400;\"><strong>Wir verpflichten uns zu Folgendem<\/strong><\/p>\n<ol start=\"6\">\n<li style=\"font-weight: 400;\">Ihnen alle Bedingungen zur Verf\u00fcgung zu stellen, um die Dienste des E-Shops richtig zu nutzen.<\/li>\n<\/ol>\n<p style=\"font-weight: 400;\">6.1 Ihnen die bestellten Waren an die von Ihnen angegebene Adresse und innerhalb der vereinbarten Lieferfrist zu liefern.<\/p>\n<p style=\"font-weight: 400;\">6.2 Wenn wichtige Umst\u00e4nde die Lieferung von Waren an Sie verhindern, verpflichten wir uns, Ihnen analoge Waren anzubieten, und wenn Sie die Annahme analoger Waren verweigern, erstatten wir Ihre Zahlung innerhalb von 10 Werktagen.<\/p>\n<p style=\"font-weight: 400;\">6.3 Sollten Sie von Ihrem R\u00fcckgaberecht Gebrauch machen, verpflichten wir uns, Ihre Zahlung innerhalb von 10 Werktagen nach Erhalt der zur\u00fcckgegebenen Ware zu erstatten.<\/p>\n<p style=\"font-weight: 400;\"><strong>Lieferung von Waren<\/strong><\/p>\n<ol start=\"7\">\n<li style=\"font-weight: 400;\">Die Waren werden geliefert<br \/>Schweiz und Liechtenstein, EU, USA, Japan, Australien, UK Gebiet. Wenn die Waren in ein Gebiet geliefert werden sollen, das nicht im Bestellformular angegeben ist, kontaktieren Sie bitte den E-Shop individuell unter <a href=\"mailto:info@energyupbiotic.com\">info@energyupbiotic.com<br \/><\/a><br \/> Diese Regeln gelten nicht f\u00fcr eine solche Bestellung. <\/li>\n<\/ol>\n<p style=\"font-weight: 400;\">7.1 Der Preis f\u00fcr die Lieferung der Waren wird Ihnen nach Best\u00e4tigung der Bestellung angezeigt.<\/p>\n<p style=\"font-weight: 400;\">Versand mit der Schweizerischen Post und anderen Kurierdienstleistern je nach Gebiet.<\/p>\n<p style=\"font-weight: 400;\">Die Waren werden erst nach Eingang Ihrer Zahlung f\u00fcr die Waren und die Lieferung an unsere in der Auftragsbest\u00e4tigung und der Best\u00e4tigung des Zahlungseingangs angegebenen Zahlungssysteme geliefert.<\/p>\n<p style=\"font-weight: 400;\"><strong>Zahlungsm\u00f6glichkeiten<br \/><\/strong>Kartenzahlungen \u00fcber autorisierte Online-Zahlungssysteme wie Payrexx, PayPal<\/p>\n<p style=\"font-weight: 400;\">7.2 Die Bedingungen f\u00fcr die Lieferung der Waren sind in der Rubrik &#8222;Lieferung der Waren&#8220; des E-Shops zu finden. Die auftragsgem\u00e4\u00df gelieferten Waren werden zum vereinbarten Zeitpunkt zugestellt. Sie erkl\u00e4ren sich damit einverstanden, dass sich die Lieferung von Waren in Ausnahmef\u00e4llen aufgrund unvorhergesehener Umst\u00e4nde, die au\u00dferhalb unserer Kontrolle liegen, verz\u00f6gern kann. In diesem Fall verpflichten wir uns, Sie unverz\u00fcglich zu kontaktieren und die Lieferbedingungen zu vereinbaren.<\/p>\n<p style=\"font-weight: 400;\">7.3 Sie verpflichten sich, die Waren pers\u00f6nlich entgegenzunehmen. Wenn Sie nicht in der Lage sind, die Ware pers\u00f6nlich entgegenzunehmen, und die Ware an die von Ihnen angegebene Adresse und gem\u00e4\u00df den sonstigen von Ihnen gemachten Angaben geliefert wurde, haben Sie nicht das Recht, uns gegen\u00fcber Anspr\u00fcche wegen der nicht ordnungsgem\u00e4\u00dfen Lieferung der Ware geltend zu machen. Thema.<\/p>\n<p style=\"font-weight: 400;\">7.4 Bei der Anlieferung der Waren m\u00fcssen Sie den Zustand der gelieferten Waren mit uns oder unserem Bevollm\u00e4chtigten \u00fcberpr\u00fcfen und den Frachtbrief unterschreiben.<\/p>\n<p style=\"font-weight: 400;\">7.5 Nachdem Sie den Frachtbrief unterschrieben haben, betrachten wir die gelieferten Waren als in Ordnung, die Sendung wurde ordnungsgem\u00e4\u00df zugestellt, und Sie haben keine Anspr\u00fcche bez\u00fcglich der Waren in der Sendung.<\/p>\n<p style=\"font-weight: 400;\">7.6 Wenn Sie \u00e4u\u00dfere Sch\u00e4den, Dellen, Kratzer, Korrosionssch\u00e4den usw. an den Waren in der Sendung feststellen, m\u00fcssen Sie dies unverz\u00fcglich in dem Dokument zur \u00dcbergabe der Sendung vermerken und in Anwesenheit von uns oder unserem Bevollm\u00e4chtigten eine formlose Erkl\u00e4rung \u00fcber die Sch\u00e4den an der Sendung und\/oder an den Waren (in \u00dcbereinstimmung mit den Vorschriften) abgeben. Unterlassen Sie diese Handlungen, sind wir Ihnen gegen\u00fcber von der Haftung f\u00fcr Sch\u00e4den an der Ware (sofern diese nicht auf Herstellungsfehler zur\u00fcckzuf\u00fchren sind) und f\u00fcr Abweichungen von der Sollbeschaffenheit, die durch eine \u00e4u\u00dfere Besichtigung der Ware festgestellt werden k\u00f6nnen, befreit. <\/p>\n<p style=\"font-weight: 400;\">7.7 Sie haben das Recht, innerhalb von 2 Tagen nach Erhalt der Ware eine Reklamation bei uns einzureichen, wenn Sie zu einem sp\u00e4teren Zeitpunkt Unstimmigkeiten festgestellt und in einer Erkl\u00e4rung festgehalten haben. In einem solchen Fall verpflichten wir uns, Ihre Reklamation innerhalb von 10 Werktagen zu pr\u00fcfen und Ihnen, sofern die Reklamation begr\u00fcndet ist, die R\u00fcckgabe der Ware oder deren Ersatz durch eine qualitativ gleichwertige Ware anzubieten oder den Preis der Ware zu reduzieren.<\/p>\n<p style=\"font-weight: 400;\"><strong>  R\u00fccksendung von Waren<\/strong><\/p>\n<ol start=\"8\">\n<li style=\"font-weight: 400;\">Die zur\u00fcckgesendeten Waren d\u00fcrfen keine Teile enthalten. Sie sind daf\u00fcr verantwortlich, dass der zur\u00fcckgegebene Artikel nicht ge\u00f6ffnet und benutzt wurde, und Sie sind auch f\u00fcr die Verpackung verantwortlich. Wenn ein Teil des Produkts fehlt oder bewertet wurde und festgestellt wird, dass das Produkt benutzt wurde und unsachgem\u00e4\u00df verpackt ist, werden wir oder unser Vertreter das zur\u00fcckgegebene Produkt nicht akzeptieren.  <\/li>\n<\/ol>\n<p style=\"font-weight: 400;\">8.1 Die Waren werden in der Verpackung zur\u00fcckgeschickt, in der sie geliefert wurden. Die Verpackung muss unbesch\u00e4digt, sauber, ordnungsgem\u00e4\u00df vorbereitet und verpackt sein. <\/p>\n<p style=\"font-weight: 400;\">8.2 Wenn Sie den Kaufvertrag innerhalb von 7 Werktagen nach Lieferung der Ware widerrufen, wird die Ware innerhalb von 7 Tagen nach der schriftlichen Mitteilung \u00fcber Ihren Widerruf an unser Lager zur\u00fcckgeschickt. Verkaufs- und Kaufvertrag. Wenn Sie mit der Form, der Farbe, der Gr\u00f6\u00dfe, dem Modell oder der Montage der Waren nicht zufrieden sind, m\u00fcssen diese Waren innerhalb von 7 Werktagen nach Lieferung der Waren an Sie ersetzt oder zur\u00fcckgeschickt werden; die R\u00fccksendung der Waren erfolgt auf Ihre Kosten.<\/p>\n<p style=\"font-weight: 400;\">8.3 Bei R\u00fccksendung minderwertiger Ware verpflichten wir uns, die minderwertige Ware anzunehmen und durch gleichwertige Ware zu ersetzen. Wenn wir keine \u00e4hnlichen Waren haben, erstatten wir den f\u00fcr die Waren gezahlten Betrag.<\/p>\n<p style=\"font-weight: 400;\">8.4 Sie sind daf\u00fcr verantwortlich, dass das zur\u00fcckgegebene Produkt nicht ge\u00f6ffnet und nicht benutzt wurde, und Sie sind auch f\u00fcr die Verpackung verantwortlich, wenn Sie das Produkt zur\u00fcckgeben.<br \/>Ihre zur\u00fcckgegebenen Artikel werden von unseren Experten daraufhin gepr\u00fcft, ob sie unbenutzt, ge\u00f6ffnet, besch\u00e4digt oder anderweitig beeintr\u00e4chtigt sind. Wenn die zur\u00fcckgesandten Waren die Anforderungen an unbenutzte und unbesch\u00e4digte Waren erf\u00fcllen, wird der f\u00fcr die Waren an den K\u00e4ufer gezahlte Betrag innerhalb von 5 Werktagen nach Pr\u00fcfung der zur\u00fcckgesandten Waren zur\u00fcckerstattet. <\/p>\n<p style=\"font-weight: 400;\"><span>Einige Arten von Waren sind von der R\u00fcckgabe ausgenommen. Verderbliche Waren wie z.B. Lebensmittel,   <\/span><span>Nahrungserg\u00e4nzungsmittel, Gesundheitsprodukte  <\/span><span>k\u00f6nnen nicht zur\u00fcckgegeben werden. Wir akzeptieren auch keine Produkte, bei denen es sich um Intim- oder Sanit\u00e4rartikel handelt <\/span><span>.<\/span><\/p>\n<p style=\"font-weight: 400;\"><span> <\/span><\/p>\n<p style=\"font-weight: 400;\"><strong>Haftung<\/strong><\/p>\n<ol start=\"9\">\n<li style=\"font-weight: 400;\">Sie tragen die volle Verantwortung f\u00fcr die Richtigkeit der im Anmeldeformular gemachten Angaben. Wir haften nicht f\u00fcr Verluste, die sich daraus ergeben, dass Sie es vers\u00e4umt haben, bestimmte Angaben im Anmeldeformular zu machen. <\/li>\n<\/ol>\n<p style=\"font-weight: 400;\">9.1 Sie haften f\u00fcr Ihre Handlungen bei der Nutzung des E-Shops.<\/p>\n<p style=\"font-weight: 400;\">9.2 Sie haften f\u00fcr die Weitergabe des Registrierungspasswortes an Dritte. Sollten Dritte Ihr Registrierungspasswort verwenden, so haften Sie f\u00fcr die Handlungen des Dritten.<\/p>\n<p style=\"font-weight: 400;\">9.3 Wir haften nicht f\u00fcr die Informationen, die auf den Websites anderer Unternehmen bereitgestellt werden, auch wenn Sie diese Websites \u00fcber die im E-Shop verf\u00fcgbaren Links aufrufen.<\/p>\n<p style=\"font-weight: 400;\">9.4 Im Falle des Schadensersatzes hat die schuldige Partei der gesch\u00e4digten Partei den entstandenen Schaden zu ersetzen.<\/p>\n<p style=\"font-weight: 400;\"><strong>  \u00dcbermittlung von Informationen<\/strong><\/p>\n<ol start=\"10\">\n<li style=\"font-weight: 400;\">Wir senden alle Benachrichtigungen f\u00fcr Sie an die in Ihrem Anmeldeformular angegebene E-Mail-Adresse.<\/li>\n<\/ol>\n<p style=\"font-weight: 400;\">10.1 Sie m\u00fcssen alle Mitteilungen und Anfragen an die E-Mail-Adresse des E-Shops senden: <a href=\"mailto:info@energyupbiotic.com\">info@energyupbiotic.com<\/a><\/p>\n<p>[\/et_pb_text][\/et_pb_column][\/et_pb_row][\/et_pb_section]<\/p>\n","protected":false},"excerpt":{"rendered":"<p>Bedingungen und Konditionen Allgemeine Bestimmungen Diese Einkaufs-Verkaufsregeln (im Folgenden als &#8222;Regeln&#8220; bezeichnet) sind ein rechtsverbindliches Dokument, das die gegenseitigen Rechte, Pflichten und Verbindlichkeiten des K\u00e4ufers (im Folgenden als &#8222;Sie&#8220; bezeichnet) und des Verk\u00e4ufers (im Folgenden als &#8222;wir&#8220; bezeichnet) regelt, wenn Sie Waren im E-Shop www.energyupbiotic.com (im Folgenden als &#8222;E-Shop&#8220; bezeichnet) kaufen. 1.1 Bevor Sie Ihre [&hellip;]<\/p>\n","protected":false},"author":2,"featured_media":0,"parent":0,"menu_order":0,"comment_status":"closed","ping_status":"closed","template":"","meta":{"_et_pb_use_builder":"on","_et_pb_old_content":"","_et_gb_content_width":"","footnotes":""},"class_list":["post-29502","page","type-page","status-publish","hentry"],"jetpack_sharing_enabled":true,"_links":{"self":[{"href":"https:\/\/energyupbiotic.com\/de\/wp-json\/wp\/v2\/pages\/29502","targetHints":{"allow":["GET"]}}],"collection":[{"href":"https:\/\/energyupbiotic.com\/de\/wp-json\/wp\/v2\/pages"}],"about":[{"href":"https:\/\/energyupbiotic.com\/de\/wp-json\/wp\/v2\/types\/page"}],"author":[{"embeddable":true,"href":"https:\/\/energyupbiotic.com\/de\/wp-json\/wp\/v2\/users\/2"}],"replies":[{"embeddable":true,"href":"https:\/\/energyupbiotic.com\/de\/wp-json\/wp\/v2\/comments?post=29502"}],"version-history":[{"count":0,"href":"https:\/\/energyupbiotic.com\/de\/wp-json\/wp\/v2\/pages\/29502\/revisions"}],"wp:attachment":[{"href":"https:\/\/energyupbiotic.com\/de\/wp-json\/wp\/v2\/media?parent=29502"}],"curies":[{"name":"wp","href":"https:\/\/api.w.org\/{rel}","templated":true}]}}